{"id":9,"date":"2024-07-09T11:03:36","date_gmt":"2024-07-09T11:03:36","guid":{"rendered":"http:\/\/daia.local\/zurich\/?page_id=9"},"modified":"2025-08-11T15:36:54","modified_gmt":"2025-08-11T15:36:54","slug":"home","status":"publish","type":"page","link":"https:\/\/projektilexperiences.com\/lucerne\/","title":{"rendered":"Home &#8211; DE"},"content":{"rendered":"\n<section class=\"p-24 s-events bg-violet\">\n  <header class=\"flx flx-btw flx-clrw-md\">\n    <div class=\"flx-clrw flx-btw w-100 g16\">\n      <h1 class=\"uppercase \">Aktuelles Programm<\/h1>\n          <\/div>\n    \n  <\/header>\n\n<div class=\"pt-24 brd-t c-events-preview-list \">\n        <article class=\"c-event-card\">\n                <div class=\"c-event-card__img\">\n          <a href=\"https:\/\/projektilexperiences.com\/lucerne\/events\/genesis-augsburg\/\" class=\"w-100\">\n            <img decoding=\"async\" data-src=\"https:\/\/projektilexperiences.com\/lucerne\/wp-content\/uploads\/sites\/21\/2024\/07\/Church_Augsburg_Genesis_Keyvisual_v03_QUAD.avif\" src=\"\" alt=\"GENESIS\" loading=\"lazy\">\n          <\/a>\n        <\/div>\n        <div class=\"c-event-card__cnt\">\n          <div>\n            <h2>GENESIS<\/h2>\n                        <div class=\"prph-2 mt-24\">Die Sch\u00f6pfungsgeschichte mal anders! GENESIS nimmt Dich mit auf eine immersive, abstrakte Reise zum Anfang von Allem, zum Beginn des Daseins.<\/div>\n          <\/div>\n          <div class=\"flx mt-32 g12 prph-2 wrap\">\n            <a class=\"btn btn__outl\" target=\"_self\" href=\"https:\/\/projektilexperiences.com\/lucerne\/events\/genesis-augsburg\/\">\n              Learn more \n  <svg class=\"icon-plus\" width=\"10\" height=\"10\" viewBox=\"0 0 10 10\" fill=\"none\" xmlns=\"http:\/\/www.w3.org\/2000\/svg\">\n                <g>\n                  <path class=\"icon-plus__vr\" d=\"M5 1V9\" stroke=\"white\" stroke-linecap=\"square\" \/>\n                  <path d=\"M1 5H9\" stroke=\"white\" stroke-linecap=\"square\" \/>\n                <\/g>\n            <\/svg>            <\/a>\n            <a class=\"btn btn__fill\" target=\"_blank\" href=\"https:\/\/feverup.com\/m\/414419\">\n              Tickets \n  <svg class=\"icon-chev\" width=\"10\" height=\"7\" viewBox=\"0 0 10 7\" fill=\"none\" xmlns=\"http:\/\/www.w3.org\/2000\/svg\">\n                <g>\n                    <path d=\"M9 1.5L5 5.5L1 1.5\" stroke=\"white\" stroke-linecap=\"square\"\/>\n                <\/g>\n            <\/svg>            <\/a>\n          <\/div>\n        <\/div>\n      <\/article>\n      <\/div>\n<\/section>\n\n\n<section class=\"p-24 s-events bg-violet50\">\n  <header class=\"flx flx-btw flx-cl\">\n    <div class=\"flx-clrw flx-btw w-100 g16\">\n      <h1 class=\"uppercase \">Special Events<\/h1>\n              <a class=\"btn btn__fill mb-8\" href=\"https:\/\/projektilexperiences.com\/lucerne\/\">\n          See all events \n  <svg class=\"icon-chev\" width=\"10\" height=\"7\" viewBox=\"0 0 10 7\" fill=\"none\" xmlns=\"http:\/\/www.w3.org\/2000\/svg\">\n                <g>\n                    <path d=\"M9 1.5L5 5.5L1 1.5\" stroke=\"white\" stroke-linecap=\"square\"\/>\n                <\/g>\n            <\/svg>        <\/a>\n          <\/div>\n    \n\n<div class=\"pt-24 brd-t c-events-preview-list \">\n  <\/div>\n<\/section>\n\n\n<section class=\"h-100 py-24 bg-white2 py-64 color-th-all\">\n  <header class=\"px-24 \">\n    <h1 class=\"uppercase brd-b-theme pb-8\">Kalender<\/h1>\n  <\/header>\n  <div class='px-24 max-w-s o-html-bx '>\n    \n\n<p><\/p>\n\n  <\/div>\n  \n\n<div id=\"events-calendar\" class=\"c-cal\">\n  <header class=\"c-cal__hdr px-24 \">\n    <div>\n      <p class=\"color-theme prph-2\" id=\"currentYear\"><\/p>\n      <h5 class=\"prph-2 uppercase\">Information<\/h5>\n    <\/div>\n    <div class=\"flx brd-t-theme c-cal__hdr-bd\">\n      <h1 class=\"c-cal__month wght400\" id=\"currentMonth\"><\/h1>\n      <ul>\n        <li class=\"prph-2 c-cal__info-main\"><span><\/span>Available Shows<\/li>\n        <li class=\"prph-2 c-cal__info-spcl\"><span><\/span>Special Events<\/li>\n      <\/ul>\n      <div class=\"   g8 c-cal__hdr-menus brd-b-theme\">\n        <menu class=\"show-mb \">\n          <button id=\"cal-btn-cal\" class=\"btn-txt selected\">Calendar<\/button> <span class=\"px-8\">|<\/span>\n          <button id=\"cal-btn-list\" class=\"btn-txt\">List<\/button>\n        <\/menu>\n        <nav class=\"c-cal__nav\">\n          <button class=\"c-cal__nav--prev btn-txt \" id=\"prevMonth\" aria-label=\"Previous month\">\n            \n   <svg xmlns=\"http:\/\/www.w3.org\/2000\/svg\" width=\"32\" height=\"26\" viewBox=\"0 0 32 26\" fill=\"none\">\n                <path d=\"M12.6667 24.667L1 13.0003M1 13.0003L12.6667 1.33366M1 13.0003L31 13.0003\" stroke=\"white\" stroke-linecap=\"round\" stroke-linejoin=\"round\" \/>\n              <\/svg>          <\/button>\n          <button class=\"c-cal__nav--next btn-txt \" id=\"nextMonth\" aria-label=\"Next month\">\n            \n   <svg xmlns=\"http:\/\/www.w3.org\/2000\/svg\" width=\"32\" height=\"26\" viewBox=\"0 0 32 26\" fill=\"none\">\n                <path d=\"M12.6667 24.667L1 13.0003M1 13.0003L12.6667 1.33366M1 13.0003L31 13.0003\" stroke=\"white\" stroke-linecap=\"round\" stroke-linejoin=\"round\" \/>\n              <\/svg>          <\/button>\n        <\/nav>\n      <\/div>\n    <\/div>\n  <\/header>\n\n  <table class=\"c-cal__table\">\n    <thead>\n      <tr class=\"show-dk \">\n        <th class=\"c-cal__day-hdr\" scope=\"col\"><span>Monday<\/span><\/th>\n        <th class=\"c-cal__day-hdr\" scope=\"col\"><span>Tuesday<\/span><\/th>\n        <th class=\"c-cal__day-hdr\" scope=\"col\"><span>Wednesday<\/span><\/th>\n        <th class=\"c-cal__day-hdr\" scope=\"col\"><span>Thursday<\/span><\/th>\n        <th class=\"c-cal__day-hdr\" scope=\"col\"><span>Friday<\/span><\/th>\n        <th class=\"c-cal__day-hdr\" scope=\"col\"><span>Saturday<\/span><\/th>\n        <th class=\"c-cal__day-hdr\" scope=\"col\"><span>Sunday<\/span><\/th>\n      <\/tr>\n      <tr class=\"show-mb brd-t\">\n        <th class=\"txt-left pb-8\">\n          <p id=\"c-cal__th-month\" class=\"h1 wght400 color-theme\"><\/p>\n        <\/th>\n      <\/tr>\n    <\/thead>\n    <tbody id=\"calendarBody\">\n    <\/tbody>\n  <\/table>\n<\/div><\/section>\n\n<section id=\"popCalendar\" class=\"bg-white c-cal-pop color-theme  \">\n  <header class=\"flx flx-btw\">\n    <h1 class=\"wght400\" id=\"popSelectedDate\"><\/h1>\n    <button id=\"popClose\" class=\"btn-txt\" aria-label=\"Close popup\">\n  <svg xmlns=\"http:\/\/www.w3.org\/2000\/svg\" width=\"30\" height=\"30\" viewBox=\"0 0 40 40\" fill=\"none\">\n            <path d=\"M4 4L36 36M4 36L36 4\" stroke=\"white\" stroke-width=\"2\" stroke-linecap=\"square\" \/>\n            <\/svg><\/button>\n  <\/header>\n  <ul id=\"popEventList\" class=\"c-cal-pop__events \">\n  <\/ul>\n<\/section>\n<div id=\"cal-overlay\"  aria-hidden=\"true\" class=\"overlay\"><\/div>\n\n  <section class=\"c-swiper media-swiper\">\n\n    <div class=\"c-swiper__crtls\">\n      <button class=\"btn-icon md-btn-prev\" aria-label=\"Previous\">\n        \n  <svg xmlns=\"http:\/\/www.w3.org\/2000\/svg\" width=\"25\" height=\"48\" viewBox=\"0 0 25 48\" fill=\"none\">\n                <path d=\"M24 47L0.999997 24L24 0.999999\" stroke=\"white\" stroke-width=\"2\" stroke-linecap=\"round\" stroke-linejoin=\"round\"\/>\n                <\/svg>      <\/button>\n      <button class=\"btn-icon md-btn-next\" aria-label=\"Next\">\n        \n  <svg xmlns=\"http:\/\/www.w3.org\/2000\/svg\" width=\"25\" height=\"48\" viewBox=\"0 0 25 48\" fill=\"none\">\n                <path d=\"M24 47L0.999997 24L24 0.999999\" stroke=\"white\" stroke-width=\"2\" stroke-linecap=\"round\" stroke-linejoin=\"round\"\/>\n                <\/svg>      <\/button>\n    <\/div>\n\n    <div class=\"swiper-wrapper\">\n                <article class=\"swiper-slide h-100\">\n            <div aria-hidden=\"true\" class=\"overlay-grad2 z1\"><\/div>\n\n                          <video data-src=\"https:\/\/daiawebsitevideo.b-cdn.net\/2023_EONARIUM%20Zurich_Enlightment_Projektil_Trailer_DAIA%20Website.mp4\" class=\"o-abs img-cover\" playsInline loop muted autoplay preload=\"metadata\">\n                <source src=\"\" type=\"video\/mp4\">\n                Your browser does not support the video tag.\n              <\/video>\n            \n                          <section class=\"flx-cl g16 z2\">\n                <header class=\"uppercase\">\n                                    <h1>GENESIS<\/h1>\n                                  <\/header>\n                <div>Die Sch\u00f6pfungsgeschichte mal anders! GENESIS nimmt Dich mit auf eine immersive, abstrakte Reise zum Anfang von Allem, zum Beginn des Daseins.<\/div>\n                <nav class=\"flx g12 mt-16\">\n                  <a class=\"btn btn__outl\" href=\"https:\/\/projektilexperiences.com\/lucerne\/events\/genesis-augsburg\/\">\n                    Learn more \n  <svg class=\"icon-plus\" width=\"10\" height=\"10\" viewBox=\"0 0 10 10\" fill=\"none\" xmlns=\"http:\/\/www.w3.org\/2000\/svg\">\n                <g>\n                  <path class=\"icon-plus__vr\" d=\"M5 1V9\" stroke=\"white\" stroke-linecap=\"square\" \/>\n                  <path d=\"M1 5H9\" stroke=\"white\" stroke-linecap=\"square\" \/>\n                <\/g>\n            <\/svg>                  <\/a>\n                  <a target=\"_blank\" class=\"btn btn__fill ga-tickets\" href=\"https:\/\/feverup.com\/m\/414419\">\n                    Tickets \n  <svg class=\"icon-chev\" width=\"10\" height=\"7\" viewBox=\"0 0 10 7\" fill=\"none\" xmlns=\"http:\/\/www.w3.org\/2000\/svg\">\n                <g>\n                    <path d=\"M9 1.5L5 5.5L1 1.5\" stroke=\"white\" stroke-linecap=\"square\"\/>\n                <\/g>\n            <\/svg>                  <\/a>\n                <\/nav>\n              <\/section>\n                      <\/article>\n          <\/div>\n    <div class=\"c-swiper__pag\" style=\"text-align: left;\"><\/div>\n  <\/section>\n\n\n\n<section id=\"contact-sect\" class=\"px-24 c-contact\">\n  <h1 class=\"uppercase\">Kontakt<\/h1>\n  <div class=\"brd-t pt-24\">\n    <section class=\"c-contact__hdr\">\n      <div class=\"h5\">Wir w\u00fcrden uns freuen, von Dir zu h\u00f6ren! Egal, ob du eine Frage hast, uns Feedback geben oder einfach nur Hallo sagen willst, unser Team ist f\u00fcr Dich da und wird sich so schnell wie m\u00f6glich mit Dir in Verbindung setzen.<\/div>\n    <\/section>\n    <section class=\"flx flx-clrw-md c-contact__sect\">\n      <div class=\"c-contact__sect-mail\">\n        <p class=\"prph-2 uppercase\">Mail<\/p>\n        <p>events@projektil.ch<\/p>\n      <\/div>\n      <div class=\"c-contact__sect-form\">\n        \n<div class=\"wpcf7 no-js\" id=\"wpcf7-f449-o1\" lang=\"en-GB\" dir=\"ltr\" data-wpcf7-id=\"449\">\n<div class=\"screen-reader-response\"><p role=\"status\" aria-live=\"polite\" aria-atomic=\"true\"><\/p> <ul><\/ul><\/div>\n<form action=\"\/lucerne\/wp-json\/wp\/v2\/pages\/9#wpcf7-f449-o1\" method=\"post\" class=\"wpcf7-form init\" aria-label=\"Contact form\" novalidate=\"novalidate\" data-status=\"init\">\n<fieldset class=\"hidden-fields-container\"><input type=\"hidden\" name=\"_wpcf7\" value=\"449\" \/><input type=\"hidden\" name=\"_wpcf7_version\" value=\"6.1.5\" \/><input type=\"hidden\" name=\"_wpcf7_locale\" value=\"en_GB\" \/><input type=\"hidden\" name=\"_wpcf7_unit_tag\" value=\"wpcf7-f449-o1\" \/><input type=\"hidden\" name=\"_wpcf7_container_post\" value=\"0\" \/><input type=\"hidden\" name=\"_wpcf7_posted_data_hash\" value=\"\" \/><input type=\"hidden\" name=\"_wpcf7_recaptcha_response\" value=\"\" \/>\n<\/fieldset>\n<fieldset class=\"flx flx-cl g24\">\n\t<div class=\"flx-clrw flx-btw g24\">\n\t\t<div>\n\t\t\t<p><span class=\"wpcf7-form-control-wrap\" data-name=\"first-name\"><input size=\"40\" maxlength=\"400\" class=\"wpcf7-form-control wpcf7-text wpcf7-validates-as-required\" aria-required=\"true\" aria-invalid=\"false\" placeholder=\"Vorname*\" value=\"\" type=\"text\" name=\"first-name\" \/><\/span>\n\t\t\t<\/p>\n\t\t<\/div>\n\t\t<div>\n\t\t\t<p><span class=\"wpcf7-form-control-wrap\" data-name=\"last-name\"><input size=\"40\" maxlength=\"400\" class=\"wpcf7-form-control wpcf7-text wpcf7-validates-as-required last-name\" aria-required=\"true\" aria-invalid=\"false\" placeholder=\"Nachname*\" value=\"\" type=\"text\" name=\"last-name\" \/><\/span>\n\t\t\t<\/p>\n\t\t<\/div>\n\t<\/div>\n\t<div class=\"flx-clrw flx-btw g24\">\n\t\t<div>\n\t\t\t<p><span class=\"wpcf7-form-control-wrap\" data-name=\"your-email\"><input size=\"40\" maxlength=\"400\" class=\"wpcf7-form-control wpcf7-email wpcf7-validates-as-required wpcf7-text wpcf7-validates-as-email\" aria-required=\"true\" aria-invalid=\"false\" placeholder=\"E-Mail*\" value=\"\" type=\"email\" name=\"your-email\" \/><\/span>\n\t\t\t<\/p>\n\t\t<\/div>\n\t\t<div>\n\t\t\t<p><span class=\"wpcf7-form-control-wrap\" data-name=\"your-phone\"><input size=\"40\" maxlength=\"400\" class=\"wpcf7-form-control wpcf7-tel wpcf7-text wpcf7-validates-as-tel\" aria-invalid=\"false\" placeholder=\"Telefonnummer\" value=\"\" type=\"tel\" name=\"your-phone\" \/><\/span>\n\t\t\t<\/p>\n\t\t<\/div>\n\t<\/div>\n\t<div>\n\t\t<p><span class=\"wpcf7-form-control-wrap\" data-name=\"your-message\"><textarea cols=\"40\" rows=\"10\" maxlength=\"2000\" class=\"wpcf7-form-control wpcf7-textarea wpcf7-validates-as-required\" id=\"message\" aria-required=\"true\" aria-invalid=\"false\" placeholder=\"Nachricht*\" name=\"your-message\"><\/textarea><\/span>\n\t\t<\/p>\n\t\t<p>Mit dem Absenden des Formulars stimmst Du der <a href=\"\">Datenschutzerkl\u00e4rung<\/a>\n\t\t<\/p>\n\t\t<p>zu.\n\t\t<\/p>\n\t<\/div>\n<\/fieldset>\n<div class=\"flx mt-24\">\n\t<p><button type=\"submit\" class=\"btn btn__fill wpcf7-form-control wpcf7-submit\">Senden<\/button>\n\t<\/p>\n<\/div><p style=\"display: none !important;\" class=\"akismet-fields-container\" data-prefix=\"_wpcf7_ak_\"><label>&#916;<textarea name=\"_wpcf7_ak_hp_textarea\" cols=\"45\" rows=\"8\" maxlength=\"100\"><\/textarea><\/label><input type=\"hidden\" id=\"ak_js_1\" name=\"_wpcf7_ak_js\" value=\"193\"\/><script>document.getElementById( \"ak_js_1\" ).setAttribute( \"value\", ( new Date() ).getTime() );<\/script><\/p><div class=\"wpcf7-response-output\" aria-hidden=\"true\"><\/div>\n<\/form>\n<\/div>\n      <\/div>\n    <\/section>\n  <\/div>\n<\/section>\n<\/section>\n","protected":false},"excerpt":{"rendered":"","protected":false},"author":1,"featured_media":0,"parent":0,"menu_order":0,"comment_status":"closed","ping_status":"closed","template":"","meta":{"_acf_changed":false,"footnotes":""},"features":[26],"class_list":["post-9","page","type-page","status-publish","hentry","features-popup"],"acf":[],"yoast_head":"<!-- This site is optimized with the Yoast SEO plugin v27.4 - https:\/\/yoast.com\/product\/yoast-seo-wordpress\/ -->\n<title>GENESIS in Augsburg<\/title>\n<meta name=\"description\" content=\"Die Sch\u00f6pfungsgeschichte mal anders! GENESIS Augsburg nimmt Dich mit auf eine immersive, abstrakte Reise zum Anfang von Allem, zum Beginn des Daseins.\" \/>\n<meta name=\"robots\" content=\"index, follow, max-snippet:-1, max-image-preview:large, max-video-preview:-1\" \/>\n<link rel=\"canonical\" href=\"https:\/\/projektilexperiences.com\/lucerne\/\" \/>\n<meta property=\"og:locale\" content=\"en_GB\" \/>\n<meta property=\"og:type\" content=\"article\" \/>\n<meta property=\"og:title\" content=\"GENESIS in Augsburg\" \/>\n<meta property=\"og:description\" content=\"Die Sch\u00f6pfungsgeschichte mal anders! GENESIS Augsburg nimmt Dich mit auf eine immersive, abstrakte Reise zum Anfang von Allem, zum Beginn des Daseins.\" \/>\n<meta property=\"og:url\" content=\"https:\/\/projektilexperiences.com\/lucerne\/\" \/>\n<meta property=\"og:site_name\" content=\"Lucerne\" \/>\n<meta property=\"article:modified_time\" content=\"2025-08-11T15:36:54+00:00\" \/>\n<meta name=\"twitter:card\" content=\"summary_large_image\" \/>\n<meta name=\"twitter:label1\" content=\"Estimated reading time\" \/>\n\t<meta name=\"twitter:data1\" content=\"1 minute\" \/>\n<script type=\"application\/ld+json\" class=\"yoast-schema-graph\">{\"@context\":\"https:\\\/\\\/schema.org\",\"@graph\":[{\"@type\":\"WebPage\",\"@id\":\"https:\\\/\\\/projektilexperiences.com\\\/lucerne\\\/\",\"url\":\"https:\\\/\\\/projektilexperiences.com\\\/lucerne\\\/\",\"name\":\"GENESIS in Augsburg\",\"isPartOf\":{\"@id\":\"https:\\\/\\\/projektilexperiences.com\\\/lucerne\\\/#website\"},\"datePublished\":\"2024-07-09T11:03:36+00:00\",\"dateModified\":\"2025-08-11T15:36:54+00:00\",\"description\":\"Die Sch\u00f6pfungsgeschichte mal anders! GENESIS Augsburg nimmt Dich mit auf eine immersive, abstrakte Reise zum Anfang von Allem, zum Beginn des Daseins.\",\"breadcrumb\":{\"@id\":\"https:\\\/\\\/projektilexperiences.com\\\/lucerne\\\/#breadcrumb\"},\"inLanguage\":\"en-GB\",\"potentialAction\":[{\"@type\":\"ReadAction\",\"target\":[\"https:\\\/\\\/projektilexperiences.com\\\/lucerne\\\/\"]}]},{\"@type\":\"BreadcrumbList\",\"@id\":\"https:\\\/\\\/projektilexperiences.com\\\/lucerne\\\/#breadcrumb\",\"itemListElement\":[{\"@type\":\"ListItem\",\"position\":1,\"name\":\"Home\",\"item\":\"https:\\\/\\\/projektilexperiences.com\\\/lucerne\\\/\"},{\"@type\":\"ListItem\",\"position\":2,\"name\":\"Home &#8211; DE\"}]},{\"@type\":\"WebSite\",\"@id\":\"https:\\\/\\\/projektilexperiences.com\\\/lucerne\\\/#website\",\"url\":\"https:\\\/\\\/projektilexperiences.com\\\/lucerne\\\/\",\"name\":\"Lucerne\",\"description\":\"\",\"potentialAction\":[{\"@type\":\"SearchAction\",\"target\":{\"@type\":\"EntryPoint\",\"urlTemplate\":\"https:\\\/\\\/projektilexperiences.com\\\/lucerne\\\/?s={search_term_string}\"},\"query-input\":{\"@type\":\"PropertyValueSpecification\",\"valueRequired\":true,\"valueName\":\"search_term_string\"}}],\"inLanguage\":\"en-GB\"}]}<\/script>\n<!-- \/ Yoast SEO plugin. -->","yoast_head_json":{"title":"GENESIS in Augsburg","description":"Die Sch\u00f6pfungsgeschichte mal anders! GENESIS Augsburg nimmt Dich mit auf eine immersive, abstrakte Reise zum Anfang von Allem, zum Beginn des Daseins.","robots":{"index":"index","follow":"follow","max-snippet":"max-snippet:-1","max-image-preview":"max-image-preview:large","max-video-preview":"max-video-preview:-1"},"canonical":"https:\/\/projektilexperiences.com\/lucerne\/","og_locale":"en_GB","og_type":"article","og_title":"GENESIS in Augsburg","og_description":"Die Sch\u00f6pfungsgeschichte mal anders! GENESIS Augsburg nimmt Dich mit auf eine immersive, abstrakte Reise zum Anfang von Allem, zum Beginn des Daseins.","og_url":"https:\/\/projektilexperiences.com\/lucerne\/","og_site_name":"Lucerne","article_modified_time":"2025-08-11T15:36:54+00:00","twitter_card":"summary_large_image","twitter_misc":{"Estimated reading time":"1 minute"},"schema":{"@context":"https:\/\/schema.org","@graph":[{"@type":"WebPage","@id":"https:\/\/projektilexperiences.com\/lucerne\/","url":"https:\/\/projektilexperiences.com\/lucerne\/","name":"GENESIS in Augsburg","isPartOf":{"@id":"https:\/\/projektilexperiences.com\/lucerne\/#website"},"datePublished":"2024-07-09T11:03:36+00:00","dateModified":"2025-08-11T15:36:54+00:00","description":"Die Sch\u00f6pfungsgeschichte mal anders! GENESIS Augsburg nimmt Dich mit auf eine immersive, abstrakte Reise zum Anfang von Allem, zum Beginn des Daseins.","breadcrumb":{"@id":"https:\/\/projektilexperiences.com\/lucerne\/#breadcrumb"},"inLanguage":"en-GB","potentialAction":[{"@type":"ReadAction","target":["https:\/\/projektilexperiences.com\/lucerne\/"]}]},{"@type":"BreadcrumbList","@id":"https:\/\/projektilexperiences.com\/lucerne\/#breadcrumb","itemListElement":[{"@type":"ListItem","position":1,"name":"Home","item":"https:\/\/projektilexperiences.com\/lucerne\/"},{"@type":"ListItem","position":2,"name":"Home &#8211; DE"}]},{"@type":"WebSite","@id":"https:\/\/projektilexperiences.com\/lucerne\/#website","url":"https:\/\/projektilexperiences.com\/lucerne\/","name":"Lucerne","description":"","potentialAction":[{"@type":"SearchAction","target":{"@type":"EntryPoint","urlTemplate":"https:\/\/projektilexperiences.com\/lucerne\/?s={search_term_string}"},"query-input":{"@type":"PropertyValueSpecification","valueRequired":true,"valueName":"search_term_string"}}],"inLanguage":"en-GB"}]}},"_links":{"self":[{"href":"https:\/\/projektilexperiences.com\/lucerne\/wp-json\/wp\/v2\/pages\/9","targetHints":{"allow":["GET"]}}],"collection":[{"href":"https:\/\/projektilexperiences.com\/lucerne\/wp-json\/wp\/v2\/pages"}],"about":[{"href":"https:\/\/projektilexperiences.com\/lucerne\/wp-json\/wp\/v2\/types\/page"}],"author":[{"embeddable":true,"href":"https:\/\/projektilexperiences.com\/lucerne\/wp-json\/wp\/v2\/users\/1"}],"replies":[{"embeddable":true,"href":"https:\/\/projektilexperiences.com\/lucerne\/wp-json\/wp\/v2\/comments?post=9"}],"version-history":[{"count":39,"href":"https:\/\/projektilexperiences.com\/lucerne\/wp-json\/wp\/v2\/pages\/9\/revisions"}],"predecessor-version":[{"id":1334,"href":"https:\/\/projektilexperiences.com\/lucerne\/wp-json\/wp\/v2\/pages\/9\/revisions\/1334"}],"wp:attachment":[{"href":"https:\/\/projektilexperiences.com\/lucerne\/wp-json\/wp\/v2\/media?parent=9"}],"wp:term":[{"taxonomy":"features","embeddable":true,"href":"https:\/\/projektilexperiences.com\/lucerne\/wp-json\/wp\/v2\/features?post=9"}],"curies":[{"name":"wp","href":"https:\/\/api.w.org\/{rel}","templated":true}]}}