{"id":13,"date":"2024-07-12T09:32:31","date_gmt":"2024-07-12T09:32:31","guid":{"rendered":"http:\/\/daia.local\/zurich\/?page_id=13"},"modified":"2025-08-04T21:51:48","modified_gmt":"2025-08-04T21:51:48","slug":"besucherinfo","status":"publish","type":"page","link":"https:\/\/projektilexperiences.com\/lucerne\/besucherinfo\/","title":{"rendered":"Besucherinfo"},"content":{"rendered":"\n<div class=\"wp-block-cover has-white-color has-text-color has-link-color wp-elements-d879380c9fa30ba45c48dd365918888e\" style=\"min-height:354px;aspect-ratio:unset;\"><span aria-hidden=\"true\" class=\"wp-block-cover__background has-background-dim-80 has-background-dim wp-block-cover__gradient-background has-background-gradient has-emerald-gradient-background\"><\/span><img decoding=\"async\" class=\"wp-block-cover__image-background wp-image-1166\" alt=\"\" src=\"https:\/\/projektilexperiences.com\/lucerne\/wp-content\/uploads\/sites\/21\/2025\/07\/2025_Enlightenment_Stuttgart_02-1-1-scaled.avif\" style=\"object-position:49% 0%\" data-object-fit=\"cover\" data-object-position=\"49% 0%\"\/><div class=\"wp-block-cover__inner-container has-global-padding is-layout-constrained wp-block-cover-is-layout-constrained\">\n<h1 class=\"wp-block-heading has-text-align-center\">DAIA AUGSBURG<\/h1>\n\n\n\n<p class=\"has-text-align-center is-style-p1\">Besucherinfo<\/p>\n<\/div><\/div>\n\n\n\n  <section id=\"location\" class=\"bg-white2 pt-64 s-location\">\n    <header class=\"brd-b-theme mx-24 \">\n    <h1 class=\"uppercase\">Adresse<\/h1>\n    <\/header>\n    <div class=\"mt-32 px-24 \">\n      <div class=\"s-location__grid s-location__grid-loc\">\n        <p class=\"prph-2 uppercase\">Name<\/p>\n        <p class=\"prph-2 uppercase\">Adresse<\/p>\n        <div class=\"s-location__brd\"><\/div>\n        <h1 class=\"wght400\">St. Anna<\/h1>\n        <p>Im Annahof 2, 86150 Augsburg<\/p>\n      <\/div>\n      <div class=\"pt-48 s-location__grid s-location__grid-info\">\n        <div class=\"flx-cl g32\">\n          <div class=\"max-w-m o-html-bx\">\n              <p>Es stehen keine Parkm\u00f6glichkeiten direkt an der Kirche zur Verf\u00fcgung. Wir empfehlen daher nachdr\u00fccklich die Anreise mit \u00f6ffentlichen Verkehrsmitteln. Stra\u00dfenbahnlinie 1 oder Buslinie 32 \/ 35 \/ 44 \/ 45 \/ 211 bis zur Haltestelle K\u00f6nigsplatz oder Moritzplatz, von dort sind es nur wenige Gehminuten zur Kirche St. Anna im Annahof <\/p>\n          <\/div>\n          <div class=\"flx g12 mt-16\">\n            <a class=\"btn btn__outl-theme\" href=\"#location-gmap\">\n            How to get there \n  <svg class=\"icon-chev\" width=\"10\" height=\"7\" viewBox=\"0 0 10 7\" fill=\"none\" xmlns=\"http:\/\/www.w3.org\/2000\/svg\">\n                <g>\n                    <path d=\"M9 1.5L5 5.5L1 1.5\" stroke=\"white\" stroke-linecap=\"square\"\/>\n                <\/g>\n            <\/svg>            <\/a>\n                      <\/div>\n        <\/div>\n\n        <div class=\"flx-cl g32\">\n          <section class=\"c-swiper location-swiper\">\n  <div class=\"c-swiper__crtls\">\n    <button class=\"btn-icon md-btn-prev\" aria-label=\"Previous\">\n      \n  <svg xmlns=\"http:\/\/www.w3.org\/2000\/svg\" width=\"25\" height=\"48\" viewBox=\"0 0 25 48\" fill=\"none\">\n                <path d=\"M24 47L0.999997 24L24 0.999999\" stroke=\"white\" stroke-width=\"2\" stroke-linecap=\"round\" stroke-linejoin=\"round\"\/>\n                <\/svg>    <\/button>\n    <button class=\"btn-icon md-btn-next\" aria-label=\"Next\">\n      \n  <svg xmlns=\"http:\/\/www.w3.org\/2000\/svg\" width=\"25\" height=\"48\" viewBox=\"0 0 25 48\" fill=\"none\">\n                <path d=\"M24 47L0.999997 24L24 0.999999\" stroke=\"white\" stroke-width=\"2\" stroke-linecap=\"round\" stroke-linejoin=\"round\"\/>\n                <\/svg>    <\/button>\n  <\/div>\n  <div class=\"swiper-wrapper\">\n          <article class=\"swiper-slide h-100\">\n                  <img decoding=\"async\" data-src=\"https:\/\/projektilexperiences.com\/lucerne\/wp-content\/uploads\/sites\/21\/2024\/07\/IMG_4388.avif\" class=\"o-abs img-cover\" src=\"\" alt=\"\" loading=\"lazy\">\n              <\/article>\n            <article class=\"swiper-slide h-100\">\n                  <img decoding=\"async\" data-src=\"https:\/\/projektilexperiences.com\/lucerne\/wp-content\/uploads\/sites\/21\/2024\/07\/IMG_9752.avif\" class=\"o-abs img-cover\" src=\"\" alt=\"\" loading=\"lazy\">\n              <\/article>\n        <\/div>\n  <div class=\"c-swiper__pag\" style=\"text-align: center\"><\/div>\n<\/section>\n        <\/div>\n      <\/div>\n    <\/div>\n\n    <div id=\"location-gmap\" class=\"mt-48 \" aria-hidden=\"true\">\n      <iframe src=\"https:\/\/www.google.com\/maps\/embed?pb=!1m18!1m12!1m3!1d2650.6209568948625!2d10.892679976507983!3d48.36780673510495!2m3!1f0!2f0!3f0!3m2!1i1024!2i768!4f13.1!3m3!1m2!1s0x479ebd522cb95a13%3A0x89b5af6f8d43e6f9!2sIm%20Annahof%202%2C%2086150%20Augsburg%2C%20Alemania!5e0!3m2!1ses!2ses!4v1752867618848!5m2!1ses!2ses\" width=\"600\" height=\"450\" style=\"border:0;\" allowfullscreen=\"\" loading=\"lazy\" referrerpolicy=\"no-referrer-when-downgrade\"><\/iframe>    <\/div>\n  <\/section>\n\n  \n\n\n<!-- <div id=\"groups-schools\" class=\"wp-block-group has-white-2-background-color has-background\" style=\"padding-top:var(--wp--preset--spacing--l);padding-bottom:var(--wp--preset--spacing--l)\">\n\n<h1 class=\"wp-block-heading has-city-color has-text-color has-link-color wp-elements-d224ad21fd0e2288d2b1d56633e769d4\">GRUPPEN &amp; SCHULEN<\/h1>\n\n\n<hr class=\"wp-block-separator has-text-color has-city-color has-alpha-channel-opacity has-city-background-color has-background\"\/>\n\n\n<div class=\"wp-block-group is-style-maxw-m has-global-padding is-content-justification-left is-layout-constrained wp-container-core-group-is-layout-12dd3699 wp-block-group-is-layout-constrained\">\n\n<p class=\"has-city-color has-text-color has-link-color wp-elements-ed65ad2005852736caa841da92829ad9\">Planst Du einen Besuch f\u00fcr eine Gruppe von mehr als 15 Personen oder f\u00fcr Schulklassen? Kontaktiere uns bitte direkt.<\/p>\n\n\n<a \n\thref=\"https:\/\/projektilexperiences.com\/lucerne\/besucherinfo\/#contact-sect\" \n\ttarget=\"_self\" \n\tclass=\"btn btn__fill-theme\"\n\t\n>\n\tKontakt\t\t\t\t\t\t\n  <svg class=\"icon-chev\" width=\"10\" height=\"7\" viewBox=\"0 0 10 7\" fill=\"none\" xmlns=\"http:\/\/www.w3.org\/2000\/svg\">\n                <g>\n                    <path d=\"M9 1.5L5 5.5L1 1.5\" stroke=\"white\" stroke-linecap=\"square\"\/>\n                <\/g>\n            <\/svg>\t\t\t<\/a>\n<\/div>\n\n<\/div>\n\n\n<p>--><\/p>\n\n\n<section id=\"faqs\" class=\"bg-white2 px-24 pt-64 pb-124\">\n\t<header class=\"brd-b-theme\">\n\t\t<h1 class=\"uppercase\">FAQ&#039;s<\/h1>\n\t<\/header>\n\t<div class=\"max-w-s o-html-bx pt-24\">\n\t\tHast Du noch weitere Fragen? Hier findest Du die Antworten.\t<\/div>\n\n\t<div class=\"mt-48 flx-clrw-md flx-btw g48\">\n\t\t<ul class=\"faq__list-types\">\n\t\t\t\t\t\t\t<li>\n\t\t\t\t\t<button class=\"uppercase btn btn__outl-theme faq-group-btn\" data-faq=\"faq-group-0\">\n\t\t\t\t\t\tVeranstaltungsort\t\t\t\t\t<\/button>\n\t\t\t\t<\/li>\n\t\t\t\t\t<\/ul>\n\n\t\t\t\t\t<ul class=\"faq__list-qstns o-list-btn\" id=\"faq-group-0\" style=\"display: none;\">\n\t\t\t\t\t\t\t\t\t\t\t\t\t\t\t<li>\n\t\t\t\t\t\t\t<button class=\"o-list-btn__txt faq__qstn wght500\">\n\t\t\t\t\t\t\t\tFinden die Shows drinnen oder draussen statt?\t\t\t\t\t\t\t\t<span aria-hidden=\"true\">\n\t\t\t\t\t\t\t\t\t<svg xmlns=\"http:\/\/www.w3.org\/2000\/svg\" width=\"42\" height=\"40\" viewBox=\"0 0 42 40\" fill=\"none\">\n\t\t\t\t\t\t\t\t\t\t<path d=\"M41 8.57128L21 28.5713L1 8.57129\" stroke=\"#299C72\" stroke-width=\"2\" stroke-linecap=\"round\" stroke-linejoin=\"round\" \/>\n\t\t\t\t\t\t\t\t\t<\/svg>\n\t\t\t\t\t\t\t\t<\/span>\n\t\t\t\t\t\t\t<\/button>\n\t\t\t\t\t\t\t<div class=\"faq__answ-cnt o-html-bx\">\n\t\t\t\t\t\t\t\t<p>Die Show findet drinnen \u2013 in einer Kirche \u2013 statt.<\/p>\n\t\t\t\t\t\t\t<\/div>\n\t\t\t\t\t\t<\/li>\n\t\t\t\t\t\t\t\t\t\t\t\t\t\t\t\t\t\t\t\t<li>\n\t\t\t\t\t\t\t<button class=\"o-list-btn__txt faq__qstn wght500\">\n\t\t\t\t\t\t\t\tK\u00f6nnen Fotos oder Videos w\u00e4hrend der Show gemacht werden?\t\t\t\t\t\t\t\t<span aria-hidden=\"true\">\n\t\t\t\t\t\t\t\t\t<svg xmlns=\"http:\/\/www.w3.org\/2000\/svg\" width=\"42\" height=\"40\" viewBox=\"0 0 42 40\" fill=\"none\">\n\t\t\t\t\t\t\t\t\t\t<path d=\"M41 8.57128L21 28.5713L1 8.57129\" stroke=\"#299C72\" stroke-width=\"2\" stroke-linecap=\"round\" stroke-linejoin=\"round\" \/>\n\t\t\t\t\t\t\t\t\t<\/svg>\n\t\t\t\t\t\t\t\t<\/span>\n\t\t\t\t\t\t\t<\/button>\n\t\t\t\t\t\t\t<div class=\"faq__answ-cnt o-html-bx\">\n\t\t\t\t\t\t\t\t<p>Ja, Du kannst Fotos\/Videos machen und diese auf Social Media teilen. Wenn Du m\u00f6chtest, kannst Du auch gerne das Profil des veranstaltenden K\u00fcnstlerkollektivs verlinken: @projektilart. Bitte sei beim Fotografieren jedoch vorsichtig und deaktiviere den Blitz, um andere Besuchende nicht zu st\u00f6ren. Professionelle Fotoausr\u00fcstung und\/oder Stative sind nicht erlaubt.<\/p>\n\t\t\t\t\t\t\t<\/div>\n\t\t\t\t\t\t<\/li>\n\t\t\t\t\t\t\t\t\t\t\t\t\t\t\t\t\t\t\t\t<li>\n\t\t\t\t\t\t\t<button class=\"o-list-btn__txt faq__qstn wght500\">\n\t\t\t\t\t\t\t\tGibt es St\u00fchle? Kann ich w\u00e4hrend der Show sitzen?\t\t\t\t\t\t\t\t<span aria-hidden=\"true\">\n\t\t\t\t\t\t\t\t\t<svg xmlns=\"http:\/\/www.w3.org\/2000\/svg\" width=\"42\" height=\"40\" viewBox=\"0 0 42 40\" fill=\"none\">\n\t\t\t\t\t\t\t\t\t\t<path d=\"M41 8.57128L21 28.5713L1 8.57129\" stroke=\"#299C72\" stroke-width=\"2\" stroke-linecap=\"round\" stroke-linejoin=\"round\" \/>\n\t\t\t\t\t\t\t\t\t<\/svg>\n\t\t\t\t\t\t\t\t<\/span>\n\t\t\t\t\t\t\t<\/button>\n\t\t\t\t\t\t\t<div class=\"faq__answ-cnt o-html-bx\">\n\t\t\t\t\t\t\t\t<p>Es gibt zahlreiche Sitzgelegenheiten wie Kirchenb\u00e4nke und Sitzkissen. Es besteht freie Platzwahl. W\u00e4hle bei Deiner Ankunft Deinen Lieblingsplatz und genie\u00dfe die Show.<\/p>\n\t\t\t\t\t\t\t<\/div>\n\t\t\t\t\t\t<\/li>\n\t\t\t\t\t\t\t\t\t\t\t\t\t\t\t\t\t\t\t\t<li>\n\t\t\t\t\t\t\t<button class=\"o-list-btn__txt faq__qstn wght500\">\n\t\t\t\t\t\t\t\tSind Toiletten vor Ort verf\u00fcgbar?\t\t\t\t\t\t\t\t<span aria-hidden=\"true\">\n\t\t\t\t\t\t\t\t\t<svg xmlns=\"http:\/\/www.w3.org\/2000\/svg\" width=\"42\" height=\"40\" viewBox=\"0 0 42 40\" fill=\"none\">\n\t\t\t\t\t\t\t\t\t\t<path d=\"M41 8.57128L21 28.5713L1 8.57129\" stroke=\"#299C72\" stroke-width=\"2\" stroke-linecap=\"round\" stroke-linejoin=\"round\" \/>\n\t\t\t\t\t\t\t\t\t<\/svg>\n\t\t\t\t\t\t\t\t<\/span>\n\t\t\t\t\t\t\t<\/button>\n\t\t\t\t\t\t\t<div class=\"faq__answ-cnt o-html-bx\">\n\t\t\t\t\t\t\t\t<p>Nein, leider sind keine Toiletten vorhanden.<\/p>\n\t\t\t\t\t\t\t<\/div>\n\t\t\t\t\t\t<\/li>\n\t\t\t\t\t\t\t\t\t\t\t\t\t\t\t\t\t\t\t\t<li>\n\t\t\t\t\t\t\t<button class=\"o-list-btn__txt faq__qstn wght500\">\n\t\t\t\t\t\t\t\tKann ich Tiere mitbringen?\t\t\t\t\t\t\t\t<span aria-hidden=\"true\">\n\t\t\t\t\t\t\t\t\t<svg xmlns=\"http:\/\/www.w3.org\/2000\/svg\" width=\"42\" height=\"40\" viewBox=\"0 0 42 40\" fill=\"none\">\n\t\t\t\t\t\t\t\t\t\t<path d=\"M41 8.57128L21 28.5713L1 8.57129\" stroke=\"#299C72\" stroke-width=\"2\" stroke-linecap=\"round\" stroke-linejoin=\"round\" \/>\n\t\t\t\t\t\t\t\t\t<\/svg>\n\t\t\t\t\t\t\t\t<\/span>\n\t\t\t\t\t\t\t<\/button>\n\t\t\t\t\t\t\t<div class=\"faq__answ-cnt o-html-bx\">\n\t\t\t\t\t\t\t\t<p>Leider k\u00f6nnen keine Tiere in die Veranstaltungsst\u00e4tte mitgebracht werden.<\/p>\n\t\t\t\t\t\t\t<\/div>\n\t\t\t\t\t\t<\/li>\n\t\t\t\t\t\t\t\t\t\t\t\t\t\t\t\t\t\t\t\t<li>\n\t\t\t\t\t\t\t<button class=\"o-list-btn__txt faq__qstn wght500\">\n\t\t\t\t\t\t\t\tGibt es Parkpl\u00e4tze vor Ort?\t\t\t\t\t\t\t\t<span aria-hidden=\"true\">\n\t\t\t\t\t\t\t\t\t<svg xmlns=\"http:\/\/www.w3.org\/2000\/svg\" width=\"42\" height=\"40\" viewBox=\"0 0 42 40\" fill=\"none\">\n\t\t\t\t\t\t\t\t\t\t<path d=\"M41 8.57128L21 28.5713L1 8.57129\" stroke=\"#299C72\" stroke-width=\"2\" stroke-linecap=\"round\" stroke-linejoin=\"round\" \/>\n\t\t\t\t\t\t\t\t\t<\/svg>\n\t\t\t\t\t\t\t\t<\/span>\n\t\t\t\t\t\t\t<\/button>\n\t\t\t\t\t\t\t<div class=\"faq__answ-cnt o-html-bx\">\n\t\t\t\t\t\t\t\t<p>Nein, es sind keine Parkpl\u00e4tze vor Ort verf\u00fcgbar. Wir empfehlen dringend, mit \u00f6ffentlichen Verkehrsmitteln anzureisen.<\/p>\n\t\t\t\t\t\t\t<\/div>\n\t\t\t\t\t\t<\/li>\n\t\t\t\t\t\t\t\t\t\t\t\t\t\t\t\t\t\t\t\t<li>\n\t\t\t\t\t\t\t<button class=\"o-list-btn__txt faq__qstn wght500\">\n\t\t\t\t\t\t\t\tWelche Gegenst\u00e4nde sind bei der Veranstaltung verboten?\t\t\t\t\t\t\t\t<span aria-hidden=\"true\">\n\t\t\t\t\t\t\t\t\t<svg xmlns=\"http:\/\/www.w3.org\/2000\/svg\" width=\"42\" height=\"40\" viewBox=\"0 0 42 40\" fill=\"none\">\n\t\t\t\t\t\t\t\t\t\t<path d=\"M41 8.57128L21 28.5713L1 8.57129\" stroke=\"#299C72\" stroke-width=\"2\" stroke-linecap=\"round\" stroke-linejoin=\"round\" \/>\n\t\t\t\t\t\t\t\t\t<\/svg>\n\t\t\t\t\t\t\t\t<\/span>\n\t\t\t\t\t\t\t<\/button>\n\t\t\t\t\t\t\t<div class=\"faq__answ-cnt o-html-bx\">\n\t\t\t\t\t\t\t\t<p>Kameras mit Blitzlicht, Alkohol und offene Getr\u00e4nke, sowie alles, was andere Besucher:innen st\u00f6ren oder beim Genie\u00dfen der Show ablenken k\u00f6nnte.<\/p>\n\t\t\t\t\t\t\t<\/div>\n\t\t\t\t\t\t<\/li>\n\t\t\t\t\t\t\t\t\t\t\t\t\t\t\t\t\t\t\t\t<li>\n\t\t\t\t\t\t\t<button class=\"o-list-btn__txt faq__qstn wght500\">\n\t\t\t\t\t\t\t\tIst die Veranstaltungsst\u00e4tte f\u00fcr Menschen im Rollstuhl zug\u00e4nglich?\t\t\t\t\t\t\t\t<span aria-hidden=\"true\">\n\t\t\t\t\t\t\t\t\t<svg xmlns=\"http:\/\/www.w3.org\/2000\/svg\" width=\"42\" height=\"40\" viewBox=\"0 0 42 40\" fill=\"none\">\n\t\t\t\t\t\t\t\t\t\t<path d=\"M41 8.57128L21 28.5713L1 8.57129\" stroke=\"#299C72\" stroke-width=\"2\" stroke-linecap=\"round\" stroke-linejoin=\"round\" \/>\n\t\t\t\t\t\t\t\t\t<\/svg>\n\t\t\t\t\t\t\t\t<\/span>\n\t\t\t\t\t\t\t<\/button>\n\t\t\t\t\t\t\t<div class=\"faq__answ-cnt o-html-bx\">\n\t\t\t\t\t\t\t\t<p>Nein, aufgrund der einzigartigen Architektur und Denkmalschutz-Bedingungen ist der Zugang leider aktuell noch nicht barrierefrei. Am Eingang gibt es jedoch eine Rampe, unser Team unterst\u00fctz dich gerne. <\/p>\n\t\t\t\t\t\t\t<\/div>\n\t\t\t\t\t\t<\/li>\n\t\t\t\t\t\t\t\t\t\t\t\t<\/ul>\n\t\t\t<\/div>\n<\/section>\n\n\n\n\n<section id=\"contact-sect\" class=\"px-24 c-contact\">\n  <h1 class=\"uppercase\">Kontakt<\/h1>\n  <div class=\"brd-t pt-24\">\n    <section class=\"c-contact__hdr\">\n      <div class=\"h5\"><\/div>\n    <\/section>\n    <section class=\"flx flx-clrw-md c-contact__sect\">\n      <div class=\"c-contact__sect-mail\">\n        <p class=\"prph-2 uppercase\">Mail<\/p>\n        <p>events@projektil.ch<\/p>\n      <\/div>\n      <div class=\"c-contact__sect-form\">\n        \n<div class=\"wpcf7 no-js\" id=\"wpcf7-f449-o1\" lang=\"en-GB\" dir=\"ltr\" data-wpcf7-id=\"449\">\n<div class=\"screen-reader-response\"><p role=\"status\" aria-live=\"polite\" aria-atomic=\"true\"><\/p> <ul><\/ul><\/div>\n<form action=\"\/lucerne\/wp-json\/wp\/v2\/pages\/13#wpcf7-f449-o1\" method=\"post\" class=\"wpcf7-form init\" aria-label=\"Contact form\" novalidate=\"novalidate\" data-status=\"init\">\n<fieldset class=\"hidden-fields-container\"><input type=\"hidden\" name=\"_wpcf7\" value=\"449\" \/><input type=\"hidden\" name=\"_wpcf7_version\" value=\"6.1.5\" \/><input type=\"hidden\" name=\"_wpcf7_locale\" value=\"en_GB\" \/><input type=\"hidden\" name=\"_wpcf7_unit_tag\" value=\"wpcf7-f449-o1\" \/><input type=\"hidden\" name=\"_wpcf7_container_post\" value=\"0\" \/><input type=\"hidden\" name=\"_wpcf7_posted_data_hash\" value=\"\" \/><input type=\"hidden\" name=\"_wpcf7_recaptcha_response\" value=\"\" \/>\n<\/fieldset>\n<fieldset class=\"flx flx-cl g24\">\n\t<div class=\"flx-clrw flx-btw g24\">\n\t\t<div>\n\t\t\t<p><span class=\"wpcf7-form-control-wrap\" data-name=\"first-name\"><input size=\"40\" maxlength=\"400\" class=\"wpcf7-form-control wpcf7-text wpcf7-validates-as-required\" aria-required=\"true\" aria-invalid=\"false\" placeholder=\"Vorname*\" value=\"\" type=\"text\" name=\"first-name\" \/><\/span>\n\t\t\t<\/p>\n\t\t<\/div>\n\t\t<div>\n\t\t\t<p><span class=\"wpcf7-form-control-wrap\" data-name=\"last-name\"><input size=\"40\" maxlength=\"400\" class=\"wpcf7-form-control wpcf7-text wpcf7-validates-as-required last-name\" aria-required=\"true\" aria-invalid=\"false\" placeholder=\"Nachname*\" value=\"\" type=\"text\" name=\"last-name\" \/><\/span>\n\t\t\t<\/p>\n\t\t<\/div>\n\t<\/div>\n\t<div class=\"flx-clrw flx-btw g24\">\n\t\t<div>\n\t\t\t<p><span class=\"wpcf7-form-control-wrap\" data-name=\"your-email\"><input size=\"40\" maxlength=\"400\" class=\"wpcf7-form-control wpcf7-email wpcf7-validates-as-required wpcf7-text wpcf7-validates-as-email\" aria-required=\"true\" aria-invalid=\"false\" placeholder=\"E-Mail*\" value=\"\" type=\"email\" name=\"your-email\" \/><\/span>\n\t\t\t<\/p>\n\t\t<\/div>\n\t\t<div>\n\t\t\t<p><span class=\"wpcf7-form-control-wrap\" data-name=\"your-phone\"><input size=\"40\" maxlength=\"400\" class=\"wpcf7-form-control wpcf7-tel wpcf7-text wpcf7-validates-as-tel\" aria-invalid=\"false\" placeholder=\"Telefonnummer\" value=\"\" type=\"tel\" name=\"your-phone\" \/><\/span>\n\t\t\t<\/p>\n\t\t<\/div>\n\t<\/div>\n\t<div>\n\t\t<p><span class=\"wpcf7-form-control-wrap\" data-name=\"your-message\"><textarea cols=\"40\" rows=\"10\" maxlength=\"2000\" class=\"wpcf7-form-control wpcf7-textarea wpcf7-validates-as-required\" id=\"message\" aria-required=\"true\" aria-invalid=\"false\" placeholder=\"Nachricht*\" name=\"your-message\"><\/textarea><\/span>\n\t\t<\/p>\n\t\t<p>Mit dem Absenden des Formulars stimmst Du der <a href=\"\">Datenschutzerkl\u00e4rung<\/a>\n\t\t<\/p>\n\t\t<p>zu.\n\t\t<\/p>\n\t<\/div>\n<\/fieldset>\n<div class=\"flx mt-24\">\n\t<p><button type=\"submit\" class=\"btn btn__fill wpcf7-form-control wpcf7-submit\">Senden<\/button>\n\t<\/p>\n<\/div><p style=\"display: none !important;\" class=\"akismet-fields-container\" data-prefix=\"_wpcf7_ak_\"><label>&#916;<textarea name=\"_wpcf7_ak_hp_textarea\" cols=\"45\" rows=\"8\" maxlength=\"100\"><\/textarea><\/label><input type=\"hidden\" id=\"ak_js_1\" name=\"_wpcf7_ak_js\" value=\"83\"\/><script>document.getElementById( \"ak_js_1\" ).setAttribute( \"value\", ( new Date() ).getTime() );<\/script><\/p><div class=\"wpcf7-response-output\" aria-hidden=\"true\"><\/div>\n<\/form>\n<\/div>\n      <\/div>\n    <\/section>\n  <\/div>\n<\/section>\n<\/section>\n","protected":false},"excerpt":{"rendered":"<p>GRUPPEN &amp; SCHULEN Planst Du einen Besuch f\u00fcr eine Gruppe von mehr als 15 Personen oder f\u00fcr Schulklassen? Kontaktiere uns bitte direkt. &#8211;><\/p>\n","protected":false},"author":1,"featured_media":0,"parent":0,"menu_order":0,"comment_status":"closed","ping_status":"closed","template":"page-cover-header.php","meta":{"_acf_changed":false,"footnotes":""},"features":[],"class_list":["post-13","page","type-page","status-publish","hentry"],"acf":[],"yoast_head":"<!-- This site is optimized with the Yoast SEO plugin v27.4 - https:\/\/yoast.com\/product\/yoast-seo-wordpress\/ -->\n<title>Besucherinfo - Lucerne<\/title>\n<meta name=\"robots\" content=\"index, follow, max-snippet:-1, max-image-preview:large, max-video-preview:-1\" \/>\n<link rel=\"canonical\" href=\"https:\/\/projektilexperiences.com\/lucerne\/besucherinfo\/\" \/>\n<meta property=\"og:locale\" content=\"en_GB\" \/>\n<meta property=\"og:type\" content=\"article\" \/>\n<meta property=\"og:title\" content=\"Besucherinfo - Lucerne\" \/>\n<meta property=\"og:description\" content=\"GRUPPEN &amp; SCHULEN Planst Du einen Besuch f\u00fcr eine Gruppe von mehr als 15 Personen oder f\u00fcr Schulklassen? Kontaktiere uns bitte direkt. &#8211;&gt;\" \/>\n<meta property=\"og:url\" content=\"https:\/\/projektilexperiences.com\/lucerne\/besucherinfo\/\" \/>\n<meta property=\"og:site_name\" content=\"Lucerne\" \/>\n<meta property=\"article:modified_time\" content=\"2025-08-04T21:51:48+00:00\" \/>\n<meta name=\"twitter:card\" content=\"summary_large_image\" \/>\n<meta name=\"twitter:label1\" content=\"Estimated reading time\" \/>\n\t<meta name=\"twitter:data1\" content=\"1 minute\" \/>\n<script type=\"application\/ld+json\" class=\"yoast-schema-graph\">{\"@context\":\"https:\\\/\\\/schema.org\",\"@graph\":[{\"@type\":\"WebPage\",\"@id\":\"https:\\\/\\\/projektilexperiences.com\\\/lucerne\\\/besucherinfo\\\/\",\"url\":\"https:\\\/\\\/projektilexperiences.com\\\/lucerne\\\/besucherinfo\\\/\",\"name\":\"Besucherinfo - Lucerne\",\"isPartOf\":{\"@id\":\"https:\\\/\\\/projektilexperiences.com\\\/lucerne\\\/#website\"},\"primaryImageOfPage\":{\"@id\":\"https:\\\/\\\/projektilexperiences.com\\\/lucerne\\\/besucherinfo\\\/#primaryimage\"},\"image\":{\"@id\":\"https:\\\/\\\/projektilexperiences.com\\\/lucerne\\\/besucherinfo\\\/#primaryimage\"},\"thumbnailUrl\":\"https:\\\/\\\/projektilexperiences.com\\\/lucerne\\\/wp-content\\\/uploads\\\/sites\\\/21\\\/2025\\\/07\\\/2025_Enlightenment_Stuttgart_02-1-1-scaled.avif\",\"datePublished\":\"2024-07-12T09:32:31+00:00\",\"dateModified\":\"2025-08-04T21:51:48+00:00\",\"breadcrumb\":{\"@id\":\"https:\\\/\\\/projektilexperiences.com\\\/lucerne\\\/besucherinfo\\\/#breadcrumb\"},\"inLanguage\":\"en-GB\",\"potentialAction\":[{\"@type\":\"ReadAction\",\"target\":[\"https:\\\/\\\/projektilexperiences.com\\\/lucerne\\\/besucherinfo\\\/\"]}]},{\"@type\":\"ImageObject\",\"inLanguage\":\"en-GB\",\"@id\":\"https:\\\/\\\/projektilexperiences.com\\\/lucerne\\\/besucherinfo\\\/#primaryimage\",\"url\":\"https:\\\/\\\/projektilexperiences.com\\\/lucerne\\\/wp-content\\\/uploads\\\/sites\\\/21\\\/2025\\\/07\\\/2025_Enlightenment_Stuttgart_02-1-1-scaled.avif\",\"contentUrl\":\"https:\\\/\\\/projektilexperiences.com\\\/lucerne\\\/wp-content\\\/uploads\\\/sites\\\/21\\\/2025\\\/07\\\/2025_Enlightenment_Stuttgart_02-1-1-scaled.avif\"},{\"@type\":\"BreadcrumbList\",\"@id\":\"https:\\\/\\\/projektilexperiences.com\\\/lucerne\\\/besucherinfo\\\/#breadcrumb\",\"itemListElement\":[{\"@type\":\"ListItem\",\"position\":1,\"name\":\"Home\",\"item\":\"https:\\\/\\\/projektilexperiences.com\\\/lucerne\\\/\"},{\"@type\":\"ListItem\",\"position\":2,\"name\":\"Besucherinfo\"}]},{\"@type\":\"WebSite\",\"@id\":\"https:\\\/\\\/projektilexperiences.com\\\/lucerne\\\/#website\",\"url\":\"https:\\\/\\\/projektilexperiences.com\\\/lucerne\\\/\",\"name\":\"Lucerne\",\"description\":\"\",\"potentialAction\":[{\"@type\":\"SearchAction\",\"target\":{\"@type\":\"EntryPoint\",\"urlTemplate\":\"https:\\\/\\\/projektilexperiences.com\\\/lucerne\\\/?s={search_term_string}\"},\"query-input\":{\"@type\":\"PropertyValueSpecification\",\"valueRequired\":true,\"valueName\":\"search_term_string\"}}],\"inLanguage\":\"en-GB\"}]}<\/script>\n<!-- \/ Yoast SEO plugin. -->","yoast_head_json":{"title":"Besucherinfo - Lucerne","robots":{"index":"index","follow":"follow","max-snippet":"max-snippet:-1","max-image-preview":"max-image-preview:large","max-video-preview":"max-video-preview:-1"},"canonical":"https:\/\/projektilexperiences.com\/lucerne\/besucherinfo\/","og_locale":"en_GB","og_type":"article","og_title":"Besucherinfo - Lucerne","og_description":"GRUPPEN &amp; SCHULEN Planst Du einen Besuch f\u00fcr eine Gruppe von mehr als 15 Personen oder f\u00fcr Schulklassen? Kontaktiere uns bitte direkt. &#8211;>","og_url":"https:\/\/projektilexperiences.com\/lucerne\/besucherinfo\/","og_site_name":"Lucerne","article_modified_time":"2025-08-04T21:51:48+00:00","twitter_card":"summary_large_image","twitter_misc":{"Estimated reading time":"1 minute"},"schema":{"@context":"https:\/\/schema.org","@graph":[{"@type":"WebPage","@id":"https:\/\/projektilexperiences.com\/lucerne\/besucherinfo\/","url":"https:\/\/projektilexperiences.com\/lucerne\/besucherinfo\/","name":"Besucherinfo - Lucerne","isPartOf":{"@id":"https:\/\/projektilexperiences.com\/lucerne\/#website"},"primaryImageOfPage":{"@id":"https:\/\/projektilexperiences.com\/lucerne\/besucherinfo\/#primaryimage"},"image":{"@id":"https:\/\/projektilexperiences.com\/lucerne\/besucherinfo\/#primaryimage"},"thumbnailUrl":"https:\/\/projektilexperiences.com\/lucerne\/wp-content\/uploads\/sites\/21\/2025\/07\/2025_Enlightenment_Stuttgart_02-1-1-scaled.avif","datePublished":"2024-07-12T09:32:31+00:00","dateModified":"2025-08-04T21:51:48+00:00","breadcrumb":{"@id":"https:\/\/projektilexperiences.com\/lucerne\/besucherinfo\/#breadcrumb"},"inLanguage":"en-GB","potentialAction":[{"@type":"ReadAction","target":["https:\/\/projektilexperiences.com\/lucerne\/besucherinfo\/"]}]},{"@type":"ImageObject","inLanguage":"en-GB","@id":"https:\/\/projektilexperiences.com\/lucerne\/besucherinfo\/#primaryimage","url":"https:\/\/projektilexperiences.com\/lucerne\/wp-content\/uploads\/sites\/21\/2025\/07\/2025_Enlightenment_Stuttgart_02-1-1-scaled.avif","contentUrl":"https:\/\/projektilexperiences.com\/lucerne\/wp-content\/uploads\/sites\/21\/2025\/07\/2025_Enlightenment_Stuttgart_02-1-1-scaled.avif"},{"@type":"BreadcrumbList","@id":"https:\/\/projektilexperiences.com\/lucerne\/besucherinfo\/#breadcrumb","itemListElement":[{"@type":"ListItem","position":1,"name":"Home","item":"https:\/\/projektilexperiences.com\/lucerne\/"},{"@type":"ListItem","position":2,"name":"Besucherinfo"}]},{"@type":"WebSite","@id":"https:\/\/projektilexperiences.com\/lucerne\/#website","url":"https:\/\/projektilexperiences.com\/lucerne\/","name":"Lucerne","description":"","potentialAction":[{"@type":"SearchAction","target":{"@type":"EntryPoint","urlTemplate":"https:\/\/projektilexperiences.com\/lucerne\/?s={search_term_string}"},"query-input":{"@type":"PropertyValueSpecification","valueRequired":true,"valueName":"search_term_string"}}],"inLanguage":"en-GB"}]}},"_links":{"self":[{"href":"https:\/\/projektilexperiences.com\/lucerne\/wp-json\/wp\/v2\/pages\/13","targetHints":{"allow":["GET"]}}],"collection":[{"href":"https:\/\/projektilexperiences.com\/lucerne\/wp-json\/wp\/v2\/pages"}],"about":[{"href":"https:\/\/projektilexperiences.com\/lucerne\/wp-json\/wp\/v2\/types\/page"}],"author":[{"embeddable":true,"href":"https:\/\/projektilexperiences.com\/lucerne\/wp-json\/wp\/v2\/users\/1"}],"replies":[{"embeddable":true,"href":"https:\/\/projektilexperiences.com\/lucerne\/wp-json\/wp\/v2\/comments?post=13"}],"version-history":[{"count":40,"href":"https:\/\/projektilexperiences.com\/lucerne\/wp-json\/wp\/v2\/pages\/13\/revisions"}],"predecessor-version":[{"id":1325,"href":"https:\/\/projektilexperiences.com\/lucerne\/wp-json\/wp\/v2\/pages\/13\/revisions\/1325"}],"wp:attachment":[{"href":"https:\/\/projektilexperiences.com\/lucerne\/wp-json\/wp\/v2\/media?parent=13"}],"wp:term":[{"taxonomy":"features","embeddable":true,"href":"https:\/\/projektilexperiences.com\/lucerne\/wp-json\/wp\/v2\/features?post=13"}],"curies":[{"name":"wp","href":"https:\/\/api.w.org\/{rel}","templated":true}]}}