{"id":11,"date":"2024-07-12T09:31:00","date_gmt":"2024-07-12T09:31:00","guid":{"rendered":"http:\/\/daia.local\/zurich\/?page_id=11"},"modified":"2025-12-05T13:11:12","modified_gmt":"2025-12-05T13:11:12","slug":"special-events","status":"publish","type":"page","link":"https:\/\/projektilexperiences.com\/berlin\/special-events\/","title":{"rendered":"Special Events &#8211; DE"},"content":{"rendered":"  <section class=\"c-swiper media-swiper\">\n\n    <div class=\"c-swiper__crtls\">\n      <button class=\"btn-icon md-btn-prev\" aria-label=\"Previous\">\n        \n  <svg xmlns=\"http:\/\/www.w3.org\/2000\/svg\" width=\"25\" height=\"48\" viewBox=\"0 0 25 48\" fill=\"none\">\n                <path d=\"M24 47L0.999997 24L24 0.999999\" stroke=\"white\" stroke-width=\"2\" stroke-linecap=\"round\" stroke-linejoin=\"round\"\/>\n                <\/svg>      <\/button>\n      <button class=\"btn-icon md-btn-next\" aria-label=\"Next\">\n        \n  <svg xmlns=\"http:\/\/www.w3.org\/2000\/svg\" width=\"25\" height=\"48\" viewBox=\"0 0 25 48\" fill=\"none\">\n                <path d=\"M24 47L0.999997 24L24 0.999999\" stroke=\"white\" stroke-width=\"2\" stroke-linecap=\"round\" stroke-linejoin=\"round\"\/>\n                <\/svg>      <\/button>\n    <\/div>\n\n    <div class=\"swiper-wrapper\">\n          <\/div>\n    <div class=\"c-swiper__pag\" style=\"text-align: left;\"><\/div>\n  <\/section>\n\n\n\n<section class=\"h-100 px-24 py-xxl\">\n    <header>\n    <h1 class=\"uppercase\">Current Special Events<\/h1>\n      <div class=\"py-24 brd-t\">\n        <div class=\"max-w-s o-html-bx\">\n        So unterschiedlich die einzelnen Special Events sein m\u00f6gen, eines haben sie alle gemeinsam: Sie lassen dich staunend in neue, kunstvolle Welten eintauchen. Das Programm wird laufend aktualisiert.        <\/div>\n      <\/div>\n    <\/header>\n\n    <div class=\"c-events-list\">\n                <article class=\"c-event-card \">\n            <div class=\"c-event-card__img mb-24\">\n              <img decoding=\"async\" class=\"bg-cover\" src=\"https:\/\/projektilexperiences.com\/berlin\/wp-content\/uploads\/sites\/22\/2024\/07\/Kopie-von-2026_Infinity_Hamburg_06.avif\" alt=\"Kooperationskonzert\" loading=\"lazy\">\n            <\/div>\n            <div class=\"c-event-card__cnt\">\n                              <div class=\"c-event-card__date \">\n                  <span class=\"h4\">09.03.26 &amp; 10.03.26<\/span>\n                <\/div>\n                            <h2>Kooperationskonzert<\/h2>\n                              <h2>With Alexandre Decoupigny und Thomas Tichai<\/h2>\n                            <div class=\"max-w-m o-html-bx mt-24 prph-2\">\n                F\u00fcr ihren exklusiven Live-Soundtrack zur Infinity-Show erschaffen die beiden elektronischen Virtuosen mit handgespielten Pianokl\u00e4ngen und digitalen Effekten aus dem Laptop, Modular-Synthesizern, E-Gitarre und Effektpedalen einen sinnlich erfahrbaren Sound voller Emotion und Dynamik \u2013 passend zu den k\u00fcnstlerischen Animationen und Licht-Illusionen von \u201eInfinity\u201c, der Reise durch die Unendlichkeit und Raum und Zeit. Ein Konzert zum Loslassen und Tr\u00e4umen.              <\/div>\n              <div class=\"flx mt-48 g12\">\n                <a class=\"btn btn__fill\" target=\"_blank\" href=\"https:\/\/feverup.com\/m\/503100\">\n                  Tickets \n  <svg class=\"icon-chev\" width=\"10\" height=\"7\" viewBox=\"0 0 10 7\" fill=\"none\" xmlns=\"http:\/\/www.w3.org\/2000\/svg\">\n                <g>\n                    <path d=\"M9 1.5L5 5.5L1 1.5\" stroke=\"white\" stroke-linecap=\"square\"\/>\n                <\/g>\n            <\/svg>                <\/a>\n              <\/div>\n            <\/div>\n          <\/article>\n\n                  <article class=\"c-event-card \">\n            <div class=\"c-event-card__img mb-24\">\n              <img decoding=\"async\" class=\"bg-cover\" src=\"https:\/\/projektilexperiences.com\/berlin\/wp-content\/uploads\/sites\/22\/2024\/07\/Kopie-von-2026_Infinity_Hamburg_09.avif\" alt=\"Orgel Konzert\" loading=\"lazy\">\n            <\/div>\n            <div class=\"c-event-card__cnt\">\n                              <div class=\"c-event-card__date \">\n                  <span class=\"h4\">01.03.2026<\/span>\n                <\/div>\n                            <h2>Orgel Konzert<\/h2>\n                              <h2>With Fernando Swiech<\/h2>\n                            <div class=\"max-w-m o-html-bx mt-24 prph-2\">\n                Ein einzigartiges Erlebnis in der Kulturkirche Altona; die besondere Kuhn Orgel aus der Schweiz in der Kulturkirche und ihren Organisten Fernando Swiech. Die faszinierende Reise durch die Jahreszeiten, mit der Musik von Antonio Vivaldi, exklusiv f\u00fcr die Orgel transkribiert, bietet eine spektakul\u00e4re, erleuchtende audiovisuelle Metamorphose.              <\/div>\n              <div class=\"flx mt-48 g12\">\n                <a class=\"btn btn__fill\" target=\"_blank\" href=\"https:\/\/feverup.com\/m\/502551\">\n                  Tickets \n  <svg class=\"icon-chev\" width=\"10\" height=\"7\" viewBox=\"0 0 10 7\" fill=\"none\" xmlns=\"http:\/\/www.w3.org\/2000\/svg\">\n                <g>\n                    <path d=\"M9 1.5L5 5.5L1 1.5\" stroke=\"white\" stroke-linecap=\"square\"\/>\n                <\/g>\n            <\/svg>                <\/a>\n              <\/div>\n            <\/div>\n          <\/article>\n\n                  <\/div>\n  <\/section>\n\n\n<section id=\"faqs\" class=\"bg-white2 px-24 pt-64 pb-124\">\n\t<header class=\"brd-b-theme\">\n\t\t<h1 class=\"uppercase\">FAQs<\/h1>\n\t<\/header>\n\t<div class=\"max-w-s o-html-bx pt-24\">\n\t\tHast Du Fragen? Hier findest Du die Antworten.\t<\/div>\n\n\t<div class=\"mt-48 flx-clrw-md flx-btw g48\">\n\t\t<ul class=\"faq__list-types\">\n\t\t\t\t\t\t\t<li>\n\t\t\t\t\t<button class=\"uppercase btn btn__outl-theme faq-group-btn\" data-faq=\"faq-group-0\">\n\t\t\t\t\t\tAllgemein\t\t\t\t\t<\/button>\n\t\t\t\t<\/li>\n\t\t\t\t\t\t\t<li>\n\t\t\t\t\t<button class=\"uppercase btn btn__outl-theme faq-group-btn\" data-faq=\"faq-group-1\">\n\t\t\t\t\t\tZugang zur Veranstaltung\t\t\t\t\t<\/button>\n\t\t\t\t<\/li>\n\t\t\t\t\t\t\t<li>\n\t\t\t\t\t<button class=\"uppercase btn btn__outl-theme faq-group-btn\" data-faq=\"faq-group-2\">\n\t\t\t\t\t\tTickets\t\t\t\t\t<\/button>\n\t\t\t\t<\/li>\n\t\t\t\t\t<\/ul>\n\n\t\t\t\t\t<ul class=\"faq__list-qstns o-list-btn\" id=\"faq-group-0\" style=\"display: none;\">\n\t\t\t\t\t\t\t\t\t\t\t\t\t\t\t<li>\n\t\t\t\t\t\t\t<button class=\"o-list-btn__txt faq__qstn wght500\">\n\t\t\t\t\t\t\t\tIst die Show auch geeignet f\u00fcr lichtempfindliche Menschen?\t\t\t\t\t\t\t\t<span aria-hidden=\"true\">\n\t\t\t\t\t\t\t\t\t<svg xmlns=\"http:\/\/www.w3.org\/2000\/svg\" width=\"42\" height=\"40\" viewBox=\"0 0 42 40\" fill=\"none\">\n\t\t\t\t\t\t\t\t\t\t<path d=\"M41 8.57128L21 28.5713L1 8.57129\" stroke=\"#299C72\" stroke-width=\"2\" stroke-linecap=\"round\" stroke-linejoin=\"round\" \/>\n\t\t\t\t\t\t\t\t\t<\/svg>\n\t\t\t\t\t\t\t\t<\/span>\n\t\t\t\t\t\t\t<\/button>\n\t\t\t\t\t\t\t<div class=\"faq__answ-cnt o-html-bx\">\n\t\t\t\t\t\t\t\t<p>Nein, die Show ist f\u00fcr Menschen mit Photophobie leider nicht geeignet.<\/p>\n\t\t\t\t\t\t\t<\/div>\n\t\t\t\t\t\t<\/li>\n\t\t\t\t\t\t\t\t\t\t\t\t\t\t\t\t\t\t\t\t<li>\n\t\t\t\t\t\t\t<button class=\"o-list-btn__txt faq__qstn wght500\">\n\t\t\t\t\t\t\t\tKann ich w\u00e4hrend der Show Fotos oder Videos machen?\t\t\t\t\t\t\t\t<span aria-hidden=\"true\">\n\t\t\t\t\t\t\t\t\t<svg xmlns=\"http:\/\/www.w3.org\/2000\/svg\" width=\"42\" height=\"40\" viewBox=\"0 0 42 40\" fill=\"none\">\n\t\t\t\t\t\t\t\t\t\t<path d=\"M41 8.57128L21 28.5713L1 8.57129\" stroke=\"#299C72\" stroke-width=\"2\" stroke-linecap=\"round\" stroke-linejoin=\"round\" \/>\n\t\t\t\t\t\t\t\t\t<\/svg>\n\t\t\t\t\t\t\t\t<\/span>\n\t\t\t\t\t\t\t<\/button>\n\t\t\t\t\t\t\t<div class=\"faq__answ-cnt o-html-bx\">\n\t\t\t\t\t\t\t\t<p>Fotos\/Videos k\u00f6nnen gerne gemacht und auf Social Media geteilt werden. Wenn Du m\u00f6chtest, kannst Du das Profil des K\u00fcnstlerkollektivs verlinken: @projektilart. Bitte bleib beim Fotografieren jedoch vorsichtig und deaktiviere den Blitz, um andere Besuchende nicht zu st\u00f6ren. Professionelle Fotoausr\u00fcstung und\/oder Stative sind nicht erlaubt.<\/p>\n\t\t\t\t\t\t\t<\/div>\n\t\t\t\t\t\t<\/li>\n\t\t\t\t\t\t\t\t\t\t\t\t\t\t\t\t\t\t\t\t<li>\n\t\t\t\t\t\t\t<button class=\"o-list-btn__txt faq__qstn wght500\">\n\t\t\t\t\t\t\t\tGibt es St\u00fchle? Kann ich w\u00e4hrend der Show sitzen?\t\t\t\t\t\t\t\t<span aria-hidden=\"true\">\n\t\t\t\t\t\t\t\t\t<svg xmlns=\"http:\/\/www.w3.org\/2000\/svg\" width=\"42\" height=\"40\" viewBox=\"0 0 42 40\" fill=\"none\">\n\t\t\t\t\t\t\t\t\t\t<path d=\"M41 8.57128L21 28.5713L1 8.57129\" stroke=\"#299C72\" stroke-width=\"2\" stroke-linecap=\"round\" stroke-linejoin=\"round\" \/>\n\t\t\t\t\t\t\t\t\t<\/svg>\n\t\t\t\t\t\t\t\t<\/span>\n\t\t\t\t\t\t\t<\/button>\n\t\t\t\t\t\t\t<div class=\"faq__answ-cnt o-html-bx\">\n\t\t\t\t\t\t\t\t<p>Es gibt zahlreiche Sitzgelegenheiten, wie Kirchenb\u00e4nke und Sitzkissen. Es besteht freie Platzwahl. W\u00e4hle bei Deiner Ankunft Deinen Lieblingsplatz und geniesse die Show.<\/p>\n\t\t\t\t\t\t\t<\/div>\n\t\t\t\t\t\t<\/li>\n\t\t\t\t\t\t\t\t\t\t\t\t\t\t\t\t\t\t\t\t<li>\n\t\t\t\t\t\t\t<button class=\"o-list-btn__txt faq__qstn wght500\">\n\t\t\t\t\t\t\t\tSind Toiletten vor Ort verf\u00fcgbar?\t\t\t\t\t\t\t\t<span aria-hidden=\"true\">\n\t\t\t\t\t\t\t\t\t<svg xmlns=\"http:\/\/www.w3.org\/2000\/svg\" width=\"42\" height=\"40\" viewBox=\"0 0 42 40\" fill=\"none\">\n\t\t\t\t\t\t\t\t\t\t<path d=\"M41 8.57128L21 28.5713L1 8.57129\" stroke=\"#299C72\" stroke-width=\"2\" stroke-linecap=\"round\" stroke-linejoin=\"round\" \/>\n\t\t\t\t\t\t\t\t\t<\/svg>\n\t\t\t\t\t\t\t\t<\/span>\n\t\t\t\t\t\t\t<\/button>\n\t\t\t\t\t\t\t<div class=\"faq__answ-cnt o-html-bx\">\n\t\t\t\t\t\t\t\t<p>Ja, es gibt Toiletten vor Ort. Ebenfalls steht ein separater Wickeltisch zur Verf\u00fcgung.<\/p>\n\t\t\t\t\t\t\t<\/div>\n\t\t\t\t\t\t<\/li>\n\t\t\t\t\t\t\t\t\t\t\t\t<\/ul>\n\t\t\t\t\t<ul class=\"faq__list-qstns o-list-btn\" id=\"faq-group-1\" style=\"display: none;\">\n\t\t\t\t\t\t\t\t\t\t\t\t\t\t\t<li>\n\t\t\t\t\t\t\t<button class=\"o-list-btn__txt faq__qstn wght500\">\n\t\t\t\t\t\t\t\tWas passiert, wenn ich zu sp\u00e4t komme?\t\t\t\t\t\t\t\t<span aria-hidden=\"true\">\n\t\t\t\t\t\t\t\t\t<svg xmlns=\"http:\/\/www.w3.org\/2000\/svg\" width=\"42\" height=\"40\" viewBox=\"0 0 42 40\" fill=\"none\">\n\t\t\t\t\t\t\t\t\t\t<path d=\"M41 8.57128L21 28.5713L1 8.57129\" stroke=\"#299C72\" stroke-width=\"2\" stroke-linecap=\"round\" stroke-linejoin=\"round\" \/>\n\t\t\t\t\t\t\t\t\t<\/svg>\n\t\t\t\t\t\t\t\t<\/span>\n\t\t\t\t\t\t\t<\/button>\n\t\t\t\t\t\t\t<div class=\"faq__answ-cnt o-html-bx\">\n\t\t\t\t\t\t\t\t<p>Solltest Du etwas zu sp\u00e4t kommen, verpasst Du leider einige Minuten der Show, kannst aber selbstverst\u00e4ndlich dennoch eintreten und den Rest der Show geniessen.<\/p>\n\t\t\t\t\t\t\t<\/div>\n\t\t\t\t\t\t<\/li>\n\t\t\t\t\t\t\t\t\t\t\t\t\t\t\t\t\t\t\t\t<li>\n\t\t\t\t\t\t\t<button class=\"o-list-btn__txt faq__qstn wght500\">\n\t\t\t\t\t\t\t\tKann ich Tiere mitbringen?\t\t\t\t\t\t\t\t<span aria-hidden=\"true\">\n\t\t\t\t\t\t\t\t\t<svg xmlns=\"http:\/\/www.w3.org\/2000\/svg\" width=\"42\" height=\"40\" viewBox=\"0 0 42 40\" fill=\"none\">\n\t\t\t\t\t\t\t\t\t\t<path d=\"M41 8.57128L21 28.5713L1 8.57129\" stroke=\"#299C72\" stroke-width=\"2\" stroke-linecap=\"round\" stroke-linejoin=\"round\" \/>\n\t\t\t\t\t\t\t\t\t<\/svg>\n\t\t\t\t\t\t\t\t<\/span>\n\t\t\t\t\t\t\t<\/button>\n\t\t\t\t\t\t\t<div class=\"faq__answ-cnt o-html-bx\">\n\t\t\t\t\t\t\t\t<p>Leider k\u00f6nnen keine Tiere &#8211; mit Ausnahme von Blindenhunden &#8211; in die Veranstaltungsst\u00e4tte mitgebracht werden.<\/p>\n\t\t\t\t\t\t\t<\/div>\n\t\t\t\t\t\t<\/li>\n\t\t\t\t\t\t\t\t\t\t\t\t\t\t\t\t\t\t\t\t<li>\n\t\t\t\t\t\t\t<button class=\"o-list-btn__txt faq__qstn wght500\">\n\t\t\t\t\t\t\t\tGibt es Parkpl\u00e4tze vor Ort?\t\t\t\t\t\t\t\t<span aria-hidden=\"true\">\n\t\t\t\t\t\t\t\t\t<svg xmlns=\"http:\/\/www.w3.org\/2000\/svg\" width=\"42\" height=\"40\" viewBox=\"0 0 42 40\" fill=\"none\">\n\t\t\t\t\t\t\t\t\t\t<path d=\"M41 8.57128L21 28.5713L1 8.57129\" stroke=\"#299C72\" stroke-width=\"2\" stroke-linecap=\"round\" stroke-linejoin=\"round\" \/>\n\t\t\t\t\t\t\t\t\t<\/svg>\n\t\t\t\t\t\t\t\t<\/span>\n\t\t\t\t\t\t\t<\/button>\n\t\t\t\t\t\t\t<div class=\"faq__answ-cnt o-html-bx\">\n\t\t\t\t\t\t\t\t<p>Nein, es sind keine Parkpl\u00e4tze vor Ort verf\u00fcgbar. Wir empfehlen dringend, mit \u00f6ffentlichen Verkehrsmitteln anzureisen. <a href=\"https:\/\/www.zvv.ch\/zvv\/de\/fahrplan\/fp.html?tab=connections\"><strong>Hier<\/strong><\/a> geht es zum Fahrplan der VBZ.<\/p>\n\t\t\t\t\t\t\t<\/div>\n\t\t\t\t\t\t<\/li>\n\t\t\t\t\t\t\t\t\t\t\t\t\t\t\t\t\t\t\t\t<li>\n\t\t\t\t\t\t\t<button class=\"o-list-btn__txt faq__qstn wght500\">\n\t\t\t\t\t\t\t\tFindet die Veranstaltung auch bei schlechtem Wetter statt?\t\t\t\t\t\t\t\t<span aria-hidden=\"true\">\n\t\t\t\t\t\t\t\t\t<svg xmlns=\"http:\/\/www.w3.org\/2000\/svg\" width=\"42\" height=\"40\" viewBox=\"0 0 42 40\" fill=\"none\">\n\t\t\t\t\t\t\t\t\t\t<path d=\"M41 8.57128L21 28.5713L1 8.57129\" stroke=\"#299C72\" stroke-width=\"2\" stroke-linecap=\"round\" stroke-linejoin=\"round\" \/>\n\t\t\t\t\t\t\t\t\t<\/svg>\n\t\t\t\t\t\t\t\t<\/span>\n\t\t\t\t\t\t\t<\/button>\n\t\t\t\t\t\t\t<div class=\"faq__answ-cnt o-html-bx\">\n\t\t\t\t\t\t\t\t<p>Ja, denn die Veranstaltung findet drinnen statt und die Veranstaltungsst\u00e4tte ist vollst\u00e4ndig \u00fcberdacht.<\/p>\n\t\t\t\t\t\t\t<\/div>\n\t\t\t\t\t\t<\/li>\n\t\t\t\t\t\t\t\t\t\t\t\t\t\t\t\t\t\t\t\t<li>\n\t\t\t\t\t\t\t<button class=\"o-list-btn__txt faq__qstn wght500\">\n\t\t\t\t\t\t\t\tWelche Gegenst\u00e4nde sind bei der Veranstaltung verboten?\t\t\t\t\t\t\t\t<span aria-hidden=\"true\">\n\t\t\t\t\t\t\t\t\t<svg xmlns=\"http:\/\/www.w3.org\/2000\/svg\" width=\"42\" height=\"40\" viewBox=\"0 0 42 40\" fill=\"none\">\n\t\t\t\t\t\t\t\t\t\t<path d=\"M41 8.57128L21 28.5713L1 8.57129\" stroke=\"#299C72\" stroke-width=\"2\" stroke-linecap=\"round\" stroke-linejoin=\"round\" \/>\n\t\t\t\t\t\t\t\t\t<\/svg>\n\t\t\t\t\t\t\t\t<\/span>\n\t\t\t\t\t\t\t<\/button>\n\t\t\t\t\t\t\t<div class=\"faq__answ-cnt o-html-bx\">\n\t\t\t\t\t\t\t\t<p>Kameras mit Blitzlicht, Alkohol und offene Getr\u00e4nke, sowie alles, was andere Besucher:innen st\u00f6ren oder beim Geniessen der Show ablenken k\u00f6nnte.<\/p>\n\t\t\t\t\t\t\t<\/div>\n\t\t\t\t\t\t<\/li>\n\t\t\t\t\t\t\t\t\t\t\t\t\t\t\t\t\t\t\t\t<li>\n\t\t\t\t\t\t\t<button class=\"o-list-btn__txt faq__qstn wght500\">\n\t\t\t\t\t\t\t\tIst die Veranstaltungsst\u00e4tte f\u00fcr Menschen im Rollstuhl zug\u00e4nglich?\t\t\t\t\t\t\t\t<span aria-hidden=\"true\">\n\t\t\t\t\t\t\t\t\t<svg xmlns=\"http:\/\/www.w3.org\/2000\/svg\" width=\"42\" height=\"40\" viewBox=\"0 0 42 40\" fill=\"none\">\n\t\t\t\t\t\t\t\t\t\t<path d=\"M41 8.57128L21 28.5713L1 8.57129\" stroke=\"#299C72\" stroke-width=\"2\" stroke-linecap=\"round\" stroke-linejoin=\"round\" \/>\n\t\t\t\t\t\t\t\t\t<\/svg>\n\t\t\t\t\t\t\t\t<\/span>\n\t\t\t\t\t\t\t<\/button>\n\t\t\t\t\t\t\t<div class=\"faq__answ-cnt o-html-bx\">\n\t\t\t\t\t\t\t\t<p>Ja, die ganze Veranstaltungsst\u00e4tte ist barrierefrei.<\/p>\n\t\t\t\t\t\t\t<\/div>\n\t\t\t\t\t\t<\/li>\n\t\t\t\t\t\t\t\t\t\t\t\t\t\t\t\t\t\t\t\t<li>\n\t\t\t\t\t\t\t<button class=\"o-list-btn__txt faq__qstn wght500\">\n\t\t\t\t\t\t\t\tHat es vor Ort eine barrierefreie Toilette?\t\t\t\t\t\t\t\t<span aria-hidden=\"true\">\n\t\t\t\t\t\t\t\t\t<svg xmlns=\"http:\/\/www.w3.org\/2000\/svg\" width=\"42\" height=\"40\" viewBox=\"0 0 42 40\" fill=\"none\">\n\t\t\t\t\t\t\t\t\t\t<path d=\"M41 8.57128L21 28.5713L1 8.57129\" stroke=\"#299C72\" stroke-width=\"2\" stroke-linecap=\"round\" stroke-linejoin=\"round\" \/>\n\t\t\t\t\t\t\t\t\t<\/svg>\n\t\t\t\t\t\t\t\t<\/span>\n\t\t\t\t\t\t\t<\/button>\n\t\t\t\t\t\t\t<div class=\"faq__answ-cnt o-html-bx\">\n\t\t\t\t\t\t\t\t<p>Ja, bitte kontaktiere das Personal vor Ort.<\/p>\n\t\t\t\t\t\t\t<\/div>\n\t\t\t\t\t\t<\/li>\n\t\t\t\t\t\t\t\t\t\t\t\t<\/ul>\n\t\t\t\t\t<ul class=\"faq__list-qstns o-list-btn\" id=\"faq-group-2\" style=\"display: none;\">\n\t\t\t\t\t\t\t\t\t\t\t\t\t\t\t<li>\n\t\t\t\t\t\t\t<button class=\"o-list-btn__txt faq__qstn wght500\">\n\t\t\t\t\t\t\t\tKann ich Tickets vor Ort kaufen?\t\t\t\t\t\t\t\t<span aria-hidden=\"true\">\n\t\t\t\t\t\t\t\t\t<svg xmlns=\"http:\/\/www.w3.org\/2000\/svg\" width=\"42\" height=\"40\" viewBox=\"0 0 42 40\" fill=\"none\">\n\t\t\t\t\t\t\t\t\t\t<path d=\"M41 8.57128L21 28.5713L1 8.57129\" stroke=\"#299C72\" stroke-width=\"2\" stroke-linecap=\"round\" stroke-linejoin=\"round\" \/>\n\t\t\t\t\t\t\t\t\t<\/svg>\n\t\t\t\t\t\t\t\t<\/span>\n\t\t\t\t\t\t\t<\/button>\n\t\t\t\t\t\t\t<div class=\"faq__answ-cnt o-html-bx\">\n\t\t\t\t\t\t\t\t<p>Tickets k\u00f6nnen vor Ort vor Beginn der Show gekauft werden, solange diese noch nicht ausverkauft ist.<\/p>\n\t\t\t\t\t\t\t<\/div>\n\t\t\t\t\t\t<\/li>\n\t\t\t\t\t\t\t\t\t\t\t\t\t\t\t\t\t\t\t\t<li>\n\t\t\t\t\t\t\t<button class=\"o-list-btn__txt faq__qstn wght500\">\n\t\t\t\t\t\t\t\tWo kann ich Tickets kaufen?\t\t\t\t\t\t\t\t<span aria-hidden=\"true\">\n\t\t\t\t\t\t\t\t\t<svg xmlns=\"http:\/\/www.w3.org\/2000\/svg\" width=\"42\" height=\"40\" viewBox=\"0 0 42 40\" fill=\"none\">\n\t\t\t\t\t\t\t\t\t\t<path d=\"M41 8.57128L21 28.5713L1 8.57129\" stroke=\"#299C72\" stroke-width=\"2\" stroke-linecap=\"round\" stroke-linejoin=\"round\" \/>\n\t\t\t\t\t\t\t\t\t<\/svg>\n\t\t\t\t\t\t\t\t<\/span>\n\t\t\t\t\t\t\t<\/button>\n\t\t\t\t\t\t\t<div class=\"faq__answ-cnt o-html-bx\">\n\t\t\t\t\t\t\t\t<p>Offizielle Tickets k\u00f6nnen nur bei Ticketino erworben werden. Es gibt keine Tickets auf anderen Websites oder Ticketplattformen.<\/p>\n\t\t\t\t\t\t\t<\/div>\n\t\t\t\t\t\t<\/li>\n\t\t\t\t\t\t\t\t\t\t\t\t\t\t\t\t\t\t\t\t<li>\n\t\t\t\t\t\t\t<button class=\"o-list-btn__txt faq__qstn wght500\">\n\t\t\t\t\t\t\t\tSind Tickets erstattungsf\u00e4hig? Was sind die Umtauschbedingungen?\t\t\t\t\t\t\t\t<span aria-hidden=\"true\">\n\t\t\t\t\t\t\t\t\t<svg xmlns=\"http:\/\/www.w3.org\/2000\/svg\" width=\"42\" height=\"40\" viewBox=\"0 0 42 40\" fill=\"none\">\n\t\t\t\t\t\t\t\t\t\t<path d=\"M41 8.57128L21 28.5713L1 8.57129\" stroke=\"#299C72\" stroke-width=\"2\" stroke-linecap=\"round\" stroke-linejoin=\"round\" \/>\n\t\t\t\t\t\t\t\t\t<\/svg>\n\t\t\t\t\t\t\t\t<\/span>\n\t\t\t\t\t\t\t<\/button>\n\t\t\t\t\t\t\t<div class=\"faq__answ-cnt o-html-bx\">\n\t\t\t\t\t\t\t\t<p>Je nach Verf\u00fcgbarkeit k\u00f6nnen \u00c4nderungen des Datums und\/oder der Uhrzeit bis zu 48 Stunden vor Beginn des Erlebnisses vorgenommen werden. In einem solchen Fall kontaktiere bitte Ticketino direkt via info@ticketino.com<\/p>\n\t\t\t\t\t\t\t<\/div>\n\t\t\t\t\t\t<\/li>\n\t\t\t\t\t\t\t\t\t\t\t\t\t\t\t\t\t\t\t\t<li>\n\t\t\t\t\t\t\t<button class=\"o-list-btn__txt faq__qstn wght500\">\n\t\t\t\t\t\t\t\tKann ich meine Tickets auf ein anderes Datum\/Uhrzeit oder eine andere Kategorie umbuchen?\t\t\t\t\t\t\t\t<span aria-hidden=\"true\">\n\t\t\t\t\t\t\t\t\t<svg xmlns=\"http:\/\/www.w3.org\/2000\/svg\" width=\"42\" height=\"40\" viewBox=\"0 0 42 40\" fill=\"none\">\n\t\t\t\t\t\t\t\t\t\t<path d=\"M41 8.57128L21 28.5713L1 8.57129\" stroke=\"#299C72\" stroke-width=\"2\" stroke-linecap=\"round\" stroke-linejoin=\"round\" \/>\n\t\t\t\t\t\t\t\t\t<\/svg>\n\t\t\t\t\t\t\t\t<\/span>\n\t\t\t\t\t\t\t<\/button>\n\t\t\t\t\t\t\t<div class=\"faq__answ-cnt o-html-bx\">\n\t\t\t\t\t\t\t\t<p>Da die Special Events nur einmalige Events sind, ist das leider nicht m\u00f6glich.<\/p>\n\t\t\t\t\t\t\t<\/div>\n\t\t\t\t\t\t<\/li>\n\t\t\t\t\t\t\t\t\t\t\t\t\t\t\t\t\t\t\t\t<li>\n\t\t\t\t\t\t\t<button class=\"o-list-btn__txt faq__qstn wght500\">\n\t\t\t\t\t\t\t\tIch finde mein Ticket nicht. Was kann ich tun?\t\t\t\t\t\t\t\t<span aria-hidden=\"true\">\n\t\t\t\t\t\t\t\t\t<svg xmlns=\"http:\/\/www.w3.org\/2000\/svg\" width=\"42\" height=\"40\" viewBox=\"0 0 42 40\" fill=\"none\">\n\t\t\t\t\t\t\t\t\t\t<path d=\"M41 8.57128L21 28.5713L1 8.57129\" stroke=\"#299C72\" stroke-width=\"2\" stroke-linecap=\"round\" stroke-linejoin=\"round\" \/>\n\t\t\t\t\t\t\t\t\t<\/svg>\n\t\t\t\t\t\t\t\t<\/span>\n\t\t\t\t\t\t\t<\/button>\n\t\t\t\t\t\t\t<div class=\"faq__answ-cnt o-html-bx\">\n\t\t\t\t\t\t\t\t<p>Wenn du das E-Mail von Ticketino mit den Tickets auch nicht im Spam Ordner gefunden hast, kontaktiere bitte Ticketino direkt unter info@ticketino.com<\/p>\n\t\t\t\t\t\t\t<\/div>\n\t\t\t\t\t\t<\/li>\n\t\t\t\t\t\t\t\t\t\t\t\t<\/ul>\n\t\t\t<\/div>\n<\/section>\n\n\n\n<section class=\"c-partners \">\n  <div class=\"mt-32\">\n    \n<ul class=\"flx c-partners__ul mt-64 mb-32 wp-block-daia-partner-items-list\">\n  \n  <li class=\"wp-block-daia-partner-item\">\n    <a href=\"https:\/\/projektilart.com\/\" target=\"_blank\" aria-label=\"Link to partner page\">\n      <img decoding=\"async\" data-src=\"https:\/\/projektilexperiences.com\/berlin\/wp-content\/uploads\/sites\/22\/2024\/07\/projektil.png\" src=\"\" alt=\"\" loading=\"lazy\" style=\"width:100%;\">\n    <\/a>\n  <\/li>\n\n<\/ul>\n\n<header class=\"brd-b pb-8\">\n  <p class=\"uppercase \">Partners<\/p>\n<\/header>\n\n<ul class=\"flx c-partners__ul mt-64 mb-32 wp-block-daia-partner-items-list\">\n  <\/ul>\n  <\/div>\n<\/section>\n\n\n<p><\/p>\n","protected":false},"excerpt":{"rendered":"","protected":false},"author":1,"featured_media":0,"parent":0,"menu_order":0,"comment_status":"closed","ping_status":"closed","template":"special-events.php","meta":{"_acf_changed":false,"footnotes":""},"features":[],"class_list":["post-11","page","type-page","status-publish","hentry"],"acf":[],"yoast_head":"<!-- This site is optimized with the Yoast SEO plugin v27.4 - https:\/\/yoast.com\/product\/yoast-seo-wordpress\/ -->\n<title>Special Events - DE - Berlin<\/title>\n<meta name=\"robots\" content=\"index, follow, max-snippet:-1, max-image-preview:large, max-video-preview:-1\" \/>\n<link rel=\"canonical\" href=\"https:\/\/projektilexperiences.com\/berlin\/special-events\/\" \/>\n<meta property=\"og:locale\" content=\"en_GB\" \/>\n<meta property=\"og:type\" content=\"article\" \/>\n<meta property=\"og:title\" content=\"Special Events - DE - Berlin\" \/>\n<meta property=\"og:url\" content=\"https:\/\/projektilexperiences.com\/berlin\/special-events\/\" \/>\n<meta property=\"og:site_name\" content=\"Berlin\" \/>\n<meta property=\"article:modified_time\" content=\"2025-12-05T13:11:12+00:00\" \/>\n<meta name=\"twitter:card\" content=\"summary_large_image\" \/>\n<script type=\"application\/ld+json\" class=\"yoast-schema-graph\">{\"@context\":\"https:\\\/\\\/schema.org\",\"@graph\":[{\"@type\":\"WebPage\",\"@id\":\"https:\\\/\\\/projektilexperiences.com\\\/berlin\\\/special-events\\\/\",\"url\":\"https:\\\/\\\/projektilexperiences.com\\\/berlin\\\/special-events\\\/\",\"name\":\"Special Events - DE - Berlin\",\"isPartOf\":{\"@id\":\"https:\\\/\\\/projektilexperiences.com\\\/berlin\\\/#website\"},\"datePublished\":\"2024-07-12T09:31:00+00:00\",\"dateModified\":\"2025-12-05T13:11:12+00:00\",\"breadcrumb\":{\"@id\":\"https:\\\/\\\/projektilexperiences.com\\\/berlin\\\/special-events\\\/#breadcrumb\"},\"inLanguage\":\"en-GB\",\"potentialAction\":[{\"@type\":\"ReadAction\",\"target\":[\"https:\\\/\\\/projektilexperiences.com\\\/berlin\\\/special-events\\\/\"]}]},{\"@type\":\"BreadcrumbList\",\"@id\":\"https:\\\/\\\/projektilexperiences.com\\\/berlin\\\/special-events\\\/#breadcrumb\",\"itemListElement\":[{\"@type\":\"ListItem\",\"position\":1,\"name\":\"Home\",\"item\":\"https:\\\/\\\/projektilexperiences.com\\\/berlin\\\/\"},{\"@type\":\"ListItem\",\"position\":2,\"name\":\"Special Events &#8211; DE\"}]},{\"@type\":\"WebSite\",\"@id\":\"https:\\\/\\\/projektilexperiences.com\\\/berlin\\\/#website\",\"url\":\"https:\\\/\\\/projektilexperiences.com\\\/berlin\\\/\",\"name\":\"Berlin\",\"description\":\"\",\"potentialAction\":[{\"@type\":\"SearchAction\",\"target\":{\"@type\":\"EntryPoint\",\"urlTemplate\":\"https:\\\/\\\/projektilexperiences.com\\\/berlin\\\/?s={search_term_string}\"},\"query-input\":{\"@type\":\"PropertyValueSpecification\",\"valueRequired\":true,\"valueName\":\"search_term_string\"}}],\"inLanguage\":\"en-GB\"}]}<\/script>\n<!-- \/ Yoast SEO plugin. -->","yoast_head_json":{"title":"Special Events - DE - Berlin","robots":{"index":"index","follow":"follow","max-snippet":"max-snippet:-1","max-image-preview":"max-image-preview:large","max-video-preview":"max-video-preview:-1"},"canonical":"https:\/\/projektilexperiences.com\/berlin\/special-events\/","og_locale":"en_GB","og_type":"article","og_title":"Special Events - DE - Berlin","og_url":"https:\/\/projektilexperiences.com\/berlin\/special-events\/","og_site_name":"Berlin","article_modified_time":"2025-12-05T13:11:12+00:00","twitter_card":"summary_large_image","schema":{"@context":"https:\/\/schema.org","@graph":[{"@type":"WebPage","@id":"https:\/\/projektilexperiences.com\/berlin\/special-events\/","url":"https:\/\/projektilexperiences.com\/berlin\/special-events\/","name":"Special Events - DE - Berlin","isPartOf":{"@id":"https:\/\/projektilexperiences.com\/berlin\/#website"},"datePublished":"2024-07-12T09:31:00+00:00","dateModified":"2025-12-05T13:11:12+00:00","breadcrumb":{"@id":"https:\/\/projektilexperiences.com\/berlin\/special-events\/#breadcrumb"},"inLanguage":"en-GB","potentialAction":[{"@type":"ReadAction","target":["https:\/\/projektilexperiences.com\/berlin\/special-events\/"]}]},{"@type":"BreadcrumbList","@id":"https:\/\/projektilexperiences.com\/berlin\/special-events\/#breadcrumb","itemListElement":[{"@type":"ListItem","position":1,"name":"Home","item":"https:\/\/projektilexperiences.com\/berlin\/"},{"@type":"ListItem","position":2,"name":"Special Events &#8211; DE"}]},{"@type":"WebSite","@id":"https:\/\/projektilexperiences.com\/berlin\/#website","url":"https:\/\/projektilexperiences.com\/berlin\/","name":"Berlin","description":"","potentialAction":[{"@type":"SearchAction","target":{"@type":"EntryPoint","urlTemplate":"https:\/\/projektilexperiences.com\/berlin\/?s={search_term_string}"},"query-input":{"@type":"PropertyValueSpecification","valueRequired":true,"valueName":"search_term_string"}}],"inLanguage":"en-GB"}]}},"_links":{"self":[{"href":"https:\/\/projektilexperiences.com\/berlin\/wp-json\/wp\/v2\/pages\/11","targetHints":{"allow":["GET"]}}],"collection":[{"href":"https:\/\/projektilexperiences.com\/berlin\/wp-json\/wp\/v2\/pages"}],"about":[{"href":"https:\/\/projektilexperiences.com\/berlin\/wp-json\/wp\/v2\/types\/page"}],"author":[{"embeddable":true,"href":"https:\/\/projektilexperiences.com\/berlin\/wp-json\/wp\/v2\/users\/1"}],"replies":[{"embeddable":true,"href":"https:\/\/projektilexperiences.com\/berlin\/wp-json\/wp\/v2\/comments?post=11"}],"version-history":[{"count":26,"href":"https:\/\/projektilexperiences.com\/berlin\/wp-json\/wp\/v2\/pages\/11\/revisions"}],"predecessor-version":[{"id":1153,"href":"https:\/\/projektilexperiences.com\/berlin\/wp-json\/wp\/v2\/pages\/11\/revisions\/1153"}],"wp:attachment":[{"href":"https:\/\/projektilexperiences.com\/berlin\/wp-json\/wp\/v2\/media?parent=11"}],"wp:term":[{"taxonomy":"features","embeddable":true,"href":"https:\/\/projektilexperiences.com\/berlin\/wp-json\/wp\/v2\/features?post=11"}],"curies":[{"name":"wp","href":"https:\/\/api.w.org\/{rel}","templated":true}]}}